{"id":133,"date":"2016-02-13T04:32:03","date_gmt":"2016-02-13T03:32:03","guid":{"rendered":"http:\/\/cyklo-centrum.sk\/ccm\/?page_id=133"},"modified":"2016-02-16T16:22:45","modified_gmt":"2016-02-16T15:22:45","slug":"servis","status":"publish","type":"page","link":"https:\/\/cyklo-centrum.sk\/ccm\/?page_id=133","title":{"rendered":"Servis"},"content":{"rendered":"<p>Cyklo centrum V\u00e1m pon\u00faka servisn\u00e9 slu\u017eby pre r\u00f4zne typy bicyklov, garan\u010dn\u00e9 prehliadky a gener\u00e1lne opravy.<\/p>\n<p><strong>Servis zadarmo<\/strong><\/p>\n<p>Pri k\u00fape bicykla v na\u0161ej predajni V\u00e1m pon\u00fakame jednu bezplatn\u00fa garan\u010dn\u00fa prehliadku.<\/p>\n<p><strong>Expres servis do 24 hod\u00edn<\/strong><\/p>\n<p>T\u00e1to slu\u017eba je za pr\u00edplatok a pokia\u013e opravu neobmedz\u00ed aktu\u00e1lna nedostupnos\u0165 n\u00e1hradn\u00fdch dielov, servis bude vybaven\u00fd do 24 hod\u00edn.<br \/>\nDoba opr\u00e1v v sez\u00f3ne sa pohybuje od 2 do 14 pracovn\u00fdch dn\u00ed. Mimo sez\u00f3nu do 2 pracovn\u00fdch dn\u00ed.<\/p>\n","protected":false},"excerpt":{"rendered":"<p>Cyklo centrum V\u00e1m pon\u00faka servisn\u00e9 slu\u017eby pre r\u00f4zne typy bicyklov, garan\u010dn\u00e9 prehliadky a gener\u00e1lne opravy. Servis zadarmo Pri k\u00fape bicykla v na\u0161ej predajni V\u00e1m pon\u00fakame jednu bezplatn\u00fa garan\u010dn\u00fa prehliadku. Expres servis do 24 hod\u00edn T\u00e1to slu\u017eba je za pr\u00edplatok a pokia\u013e opravu neobmedz\u00ed aktu\u00e1lna nedostupnos\u0165 n\u00e1hradn\u00fdch dielov, servis bude vybaven\u00fd do 24 hod\u00edn. Doba opr\u00e1v [&hellip;]<\/p>\n","protected":false},"author":1,"featured_media":0,"parent":0,"menu_order":0,"comment_status":"closed","ping_status":"closed","template":"","meta":{"footnotes":""},"class_list":["post-133","page","type-page","status-publish","hentry"],"jetpack_sharing_enabled":true,"jetpack_shortlink":"https:\/\/wp.me\/P7f8Jq-29","jetpack-related-posts":[],"_links":{"self":[{"href":"https:\/\/cyklo-centrum.sk\/ccm\/index.php?rest_route=\/wp\/v2\/pages\/133","targetHints":{"allow":["GET"]}}],"collection":[{"href":"https:\/\/cyklo-centrum.sk\/ccm\/index.php?rest_route=\/wp\/v2\/pages"}],"about":[{"href":"https:\/\/cyklo-centrum.sk\/ccm\/index.php?rest_route=\/wp\/v2\/types\/page"}],"author":[{"embeddable":true,"href":"https:\/\/cyklo-centrum.sk\/ccm\/index.php?rest_route=\/wp\/v2\/users\/1"}],"replies":[{"embeddable":true,"href":"https:\/\/cyklo-centrum.sk\/ccm\/index.php?rest_route=%2Fwp%2Fv2%2Fcomments&post=133"}],"version-history":[{"count":2,"href":"https:\/\/cyklo-centrum.sk\/ccm\/index.php?rest_route=\/wp\/v2\/pages\/133\/revisions"}],"predecessor-version":[{"id":194,"href":"https:\/\/cyklo-centrum.sk\/ccm\/index.php?rest_route=\/wp\/v2\/pages\/133\/revisions\/194"}],"wp:attachment":[{"href":"https:\/\/cyklo-centrum.sk\/ccm\/index.php?rest_route=%2Fwp%2Fv2%2Fmedia&parent=133"}],"curies":[{"name":"wp","href":"https:\/\/api.w.org\/{rel}","templated":true}]}}