{"id":1434,"date":"2021-03-11T16:53:41","date_gmt":"2021-03-11T15:53:41","guid":{"rendered":"http:\/\/cyklo-centrum.sk\/ccm\/?post_type=product&#038;p=1434"},"modified":"2023-05-23T16:04:12","modified_gmt":"2023-05-23T15:04:12","slug":"ctm-rascal-20-29-ram-l-20","status":"publish","type":"product","link":"https:\/\/cyklo-centrum.sk\/ccm\/?product=ctm-rascal-20-29-ram-l-20","title":{"rendered":"CTM RASCAL 2,0 29&#8243;   r\u00e1m XL (22&#8243;)"},"content":{"rendered":"","protected":false},"excerpt":{"rendered":"<p>RASCAL 2.0 &#8211; perfektn\u00fd bike, na ktorom m\u00f4\u017ee\u0161 od\u0161tartova\u0165 svoje prv\u00e9 XC preteky alebo Marat\u00f3n. Rovnako je to aj skvel\u00fd spolo\u010dn\u00edk na ka\u017edodenn\u00e9 jazdenie po okol\u00ed. \u013dahk\u00fd hlin\u00edkov\u00fd r\u00e1m, modern\u00e1 geometria a prvotriedny set-up z neho robia toho prav\u00e9ho par\u0165\u00e1ka. R\u00fdchle a tuh\u00e9 29\u201c palcov\u00e9 koles\u00e1, ktor\u00e9 maj\u00fa lep\u0161iu trakciu, zotrva\u010dnos\u0165 a najm\u00e4 plynulej\u0161\u00ed prejazd ter\u00e9nom s\u00fa u\u017e samozrejmos\u0165ou. RASCAL 2.0 pon\u00faka taktie\u017e ve\u013emi pestr\u00fa v\u00fdbavu ako je napr. vzduchov\u00e1 vidlica ROCK SHOX Judy a 12-rychlostn\u00fd pohon SRAM. Priprav sa, vyr\u00e1\u017eame!<br \/>\nR\u00e1m<br \/>\nALU 6061, M (18&#8243;), L (20&#8243;), XL (22&#8243;) triple butted<br \/>\nVidlica<br \/>\nRock Shox JUDY SILVER TK, SA, 100mm, boost\u2122 15x110axle<br \/>\nRadenie<br \/>\nSram SX Eagle<br \/>\nPrehadzova\u010d<br \/>\nSram NX Eagle<br \/>\nViackole\u010dko<br \/>\nSram CSPG1210, 11-50<br \/>\nPrevodn\u00edk<br \/>\nSRAM FC X1 1000 Eagle, Boost, 32T, 175mm<br \/>\nBrzdy<br \/>\nShimano MT400 \/ SMR10 S,M<br \/>\nR\u00e1fiky<br \/>\nWTB STi25, TCS, 29&#8243;, 32H<br \/>\nPl\u00e1\u0161te<br \/>\nWTB Ranger 29&#215;2,25&#8243; Comp<br \/>\nN\u00e1boje<br \/>\nShimano MT400 \/ 32H<br \/>\nOska<br \/>\nSRAM BB DUB BSA MTB<br \/>\nPed\u00e1le<br \/>\nVPE 461<br \/>\nRe\u0165az<br \/>\nSRAM SX EAGLE 12s<br \/>\nPredstavec<br \/>\nCTM ASM02 90 mm<br \/>\nRiadidl\u00e1<br \/>\nCTM HB352, 35dia, 760mm<br \/>\nHlavov\u00e9 zlo\u017eenie<br \/>\nNECO H156<br \/>\nSedlo<br \/>\nCTM FLAT<br \/>\nSedlovka<br \/>\nCTM SP3D2, 350\/31,6 mm<br \/>\nR\u00fdchlosti<br \/>\n12 speed<br \/>\nHmotnos\u0165<br \/>\n13.3<\/p>\n","protected":false},"featured_media":1901,"comment_status":"closed","ping_status":"closed","template":"","meta":[],"product_brand":[],"product_cat":[25,6],"product_tag":[7],"class_list":{"0":"post-1434","1":"product","2":"type-product","3":"status-publish","4":"has-post-thumbnail","6":"product_cat-25","7":"product_cat-horske_bicykle","8":"product_tag-ctm","10":"first","11":"instock","12":"sale","13":"taxable","14":"shipping-taxable","15":"purchasable","16":"product-type-simple"},"jetpack_sharing_enabled":true,"jetpack-related-posts":[],"_links":{"self":[{"href":"https:\/\/cyklo-centrum.sk\/ccm\/index.php?rest_route=\/wp\/v2\/product\/1434","targetHints":{"allow":["GET"]}}],"collection":[{"href":"https:\/\/cyklo-centrum.sk\/ccm\/index.php?rest_route=\/wp\/v2\/product"}],"about":[{"href":"https:\/\/cyklo-centrum.sk\/ccm\/index.php?rest_route=\/wp\/v2\/types\/product"}],"replies":[{"embeddable":true,"href":"https:\/\/cyklo-centrum.sk\/ccm\/index.php?rest_route=%2Fwp%2Fv2%2Fcomments&post=1434"}],"wp:featuredmedia":[{"embeddable":true,"href":"https:\/\/cyklo-centrum.sk\/ccm\/index.php?rest_route=\/wp\/v2\/media\/1901"}],"wp:attachment":[{"href":"https:\/\/cyklo-centrum.sk\/ccm\/index.php?rest_route=%2Fwp%2Fv2%2Fmedia&parent=1434"}],"wp:term":[{"taxonomy":"product_brand","embeddable":true,"href":"https:\/\/cyklo-centrum.sk\/ccm\/index.php?rest_route=%2Fwp%2Fv2%2Fproduct_brand&post=1434"},{"taxonomy":"product_cat","embeddable":true,"href":"https:\/\/cyklo-centrum.sk\/ccm\/index.php?rest_route=%2Fwp%2Fv2%2Fproduct_cat&post=1434"},{"taxonomy":"product_tag","embeddable":true,"href":"https:\/\/cyklo-centrum.sk\/ccm\/index.php?rest_route=%2Fwp%2Fv2%2Fproduct_tag&post=1434"}],"curies":[{"name":"wp","href":"https:\/\/api.w.org\/{rel}","templated":true}]}}