{"id":1483,"date":"2021-04-15T10:33:53","date_gmt":"2021-04-15T09:33:53","guid":{"rendered":"http:\/\/cyklo-centrum.sk\/ccm\/?post_type=product&#038;p=1483"},"modified":"2025-02-28T15:50:39","modified_gmt":"2025-02-28T14:50:39","slug":"ctm-zephyr-29-ram-l-20","status":"publish","type":"product","link":"https:\/\/cyklo-centrum.sk\/ccm\/?product=ctm-zephyr-29-ram-l-20","title":{"rendered":"CTM ZEPHYR Xpert29&#8243;   r\u00e1m L (20&#8243;)"},"content":{"rendered":"","protected":false},"excerpt":{"rendered":"<p>ZEPHYR xpert je zroden\u00fd pre hory. Je to agiln\u00fd a pohotov\u00fd all-mountain bicykel s pevn\u00fdm r\u00e1mom, s ktor\u00fdm si tr\u00fafne\u0161 na viac. V\u010faka jeho nad\u010dasovej geometrii je mimoriadne obratn\u00fd a r\u00fdchly a na trailoch s n\u00edm za\u017eije\u0161 mnoho z\u00e1bavy. Dostupn\u00fd je s 29 palcov\u00fdmi kolesami. \u0160pecifik\u00e1cia ZEPHYR Xpert \u0165a dostane. Vzduchov\u00e1 vidlica Rock Shox RECON Silver TK so zdvihom 140mm, teleskopka od KS, 11 r\u00fdchlostn\u00e1 sada Shimano CUES s\u00fa v ter\u00e9ne nepostr\u00e1date\u013en\u00e9. \u00da\u010dinn\u00e9 \u0161tvorpiestov\u00e9 brzdy Shimano MT410 \u0165a zastavia presne tam, kde potrebuje\u0161. \u0160irok\u00e9 r\u00e1fiky WTB STi30 s pl\u00e1\u0161\u0165ami WTB Trail Boss 2.4&#8243; s\u00fa pripraven\u00e9 na bezdu\u0161ov\u00e9 pou\u017eitie.<br \/>\nR\u00e1m:<br \/>\nALU 6061, M, L, XL<br \/>\nVidlica:<br \/>\nRock Shox RECON SILVER RL, SA, 140mm, boost\u2122 15x110axle<br \/>\nRadenie:<br \/>\nShimano CUES SL-U6000\/11sp.<br \/>\nPrehadzova\u010d:<br \/>\nShimano CUES RD-U6000<br \/>\nViackole\u010dko:<br \/>\nShimano CUES CS-LG400\/11, 11-50<br \/>\nPrevodn\u00edk:<br \/>\nShimano CUES FC-U6000-1, 32T\/170mm<br \/>\nBrzdy:<br \/>\nShimano BR-MT410 \/ SMRT10 M<br \/>\nR\u00e1fiky:<br \/>\nWTB STi30, TCS, 29&#8243;, 32H<br \/>\nPl\u00e1\u0161te:<br \/>\nWTB Trail Boss 29&#215;2,40 &#8220; Comp<br \/>\nN\u00e1boje:<br \/>\nShimano TC500, CL, F15\/R12 thru type axle<br \/>\nPed\u00e1le:<br \/>\nVPE 527<br \/>\nRe\u0165az:<br \/>\nKMC XGLIDE<br \/>\nPredstavec:<br \/>\nCTM 7195\/40mm<br \/>\nRiadidl\u00e1:<br \/>\nCTM N06, 760\/1&#8243; rise\/35mm<br \/>\nHlavov\u00e9 zlo\u017eenie:<br \/>\nNECO H156<br \/>\nSedlo:<br \/>\nCTM Cloud M<br \/>\nSedlovka:<br \/>\nEXA Form KSP900 (S-100\/M-125\/L,XL-150mm)<br \/>\nR\u00fdchlost\u00ed:<br \/>\n11 speed<\/p>\n","protected":false},"featured_media":2233,"comment_status":"closed","ping_status":"closed","template":"","meta":[],"product_brand":[],"product_cat":[25,6],"product_tag":[7],"class_list":{"0":"post-1483","1":"product","2":"type-product","3":"status-publish","4":"has-post-thumbnail","6":"product_cat-25","7":"product_cat-horske_bicykle","8":"product_tag-ctm","10":"first","11":"instock","12":"sale","13":"taxable","14":"shipping-taxable","15":"purchasable","16":"product-type-simple"},"jetpack_sharing_enabled":true,"jetpack-related-posts":[],"_links":{"self":[{"href":"https:\/\/cyklo-centrum.sk\/ccm\/index.php?rest_route=\/wp\/v2\/product\/1483","targetHints":{"allow":["GET"]}}],"collection":[{"href":"https:\/\/cyklo-centrum.sk\/ccm\/index.php?rest_route=\/wp\/v2\/product"}],"about":[{"href":"https:\/\/cyklo-centrum.sk\/ccm\/index.php?rest_route=\/wp\/v2\/types\/product"}],"replies":[{"embeddable":true,"href":"https:\/\/cyklo-centrum.sk\/ccm\/index.php?rest_route=%2Fwp%2Fv2%2Fcomments&post=1483"}],"wp:featuredmedia":[{"embeddable":true,"href":"https:\/\/cyklo-centrum.sk\/ccm\/index.php?rest_route=\/wp\/v2\/media\/2233"}],"wp:attachment":[{"href":"https:\/\/cyklo-centrum.sk\/ccm\/index.php?rest_route=%2Fwp%2Fv2%2Fmedia&parent=1483"}],"wp:term":[{"taxonomy":"product_brand","embeddable":true,"href":"https:\/\/cyklo-centrum.sk\/ccm\/index.php?rest_route=%2Fwp%2Fv2%2Fproduct_brand&post=1483"},{"taxonomy":"product_cat","embeddable":true,"href":"https:\/\/cyklo-centrum.sk\/ccm\/index.php?rest_route=%2Fwp%2Fv2%2Fproduct_cat&post=1483"},{"taxonomy":"product_tag","embeddable":true,"href":"https:\/\/cyklo-centrum.sk\/ccm\/index.php?rest_route=%2Fwp%2Fv2%2Fproduct_tag&post=1483"}],"curies":[{"name":"wp","href":"https:\/\/api.w.org\/{rel}","templated":true}]}}