{"id":170,"date":"2016-02-16T13:24:38","date_gmt":"2016-02-16T12:24:38","guid":{"rendered":"http:\/\/cyklo-centrum.sk\/ccm\/?post_type=product&#038;p=170"},"modified":"2025-11-14T16:36:18","modified_gmt":"2025-11-14T15:36:18","slug":"kenzel-trekking-900","status":"publish","type":"product","link":"https:\/\/cyklo-centrum.sk\/ccm\/?product=kenzel-trekking-900","title":{"rendered":"KENZEL TREKKING FRESH"},"content":{"rendered":"","protected":false},"excerpt":{"rendered":"<p>TECHNICK\u00c9 INFORM\u00c1CIE<br \/>\nR\u00e1m\tKenzel trekking steel<br \/>\nVidlica\tKenzel steel<br \/>\nRadenie\tShimano Tourney SL-RS35 3x6spd<br \/>\nPrehadzova\u010d pred.\/zad.\tShimano FD-TZ31 \/ Shimano Tourney RD-TZ50<br \/>\nPrevodn\u00edk s k\u013eukami\tDetai steel 48\/38\/28T<br \/>\nN\u00e1boje pred.\/zad.\tAluminium \/ Aluminium<br \/>\nBrzdy\tSaccon V-Brake<br \/>\nVe\u013ekos\u0165 r\u00e1mu\t53 cm (Men) \/ 43 cm (Woman)<br \/>\nHmotnos\u0165\t16,70 kg<br \/>\nVe\u013ekos\u0165 kolies\t28&#8243;<br \/>\nRe\u0165az\tKMC Z50<br \/>\nKazeta\tShimano MF-TZ20 6spd<br \/>\nR\u00e1fiky\tRMK SOA Natural GBS<\/p>\n","protected":false},"featured_media":2108,"comment_status":"closed","ping_status":"closed","template":"","meta":[],"product_brand":[],"product_cat":[23],"product_tag":[10],"class_list":{"0":"post-170","1":"product","2":"type-product","3":"status-publish","4":"has-post-thumbnail","6":"product_cat-trekingove-bicykle","7":"product_tag-kenzel","9":"first","10":"instock","11":"sale","12":"taxable","13":"shipping-taxable","14":"purchasable","15":"product-type-simple"},"jetpack_sharing_enabled":true,"jetpack-related-posts":[],"_links":{"self":[{"href":"https:\/\/cyklo-centrum.sk\/ccm\/index.php?rest_route=\/wp\/v2\/product\/170","targetHints":{"allow":["GET"]}}],"collection":[{"href":"https:\/\/cyklo-centrum.sk\/ccm\/index.php?rest_route=\/wp\/v2\/product"}],"about":[{"href":"https:\/\/cyklo-centrum.sk\/ccm\/index.php?rest_route=\/wp\/v2\/types\/product"}],"replies":[{"embeddable":true,"href":"https:\/\/cyklo-centrum.sk\/ccm\/index.php?rest_route=%2Fwp%2Fv2%2Fcomments&post=170"}],"wp:featuredmedia":[{"embeddable":true,"href":"https:\/\/cyklo-centrum.sk\/ccm\/index.php?rest_route=\/wp\/v2\/media\/2108"}],"wp:attachment":[{"href":"https:\/\/cyklo-centrum.sk\/ccm\/index.php?rest_route=%2Fwp%2Fv2%2Fmedia&parent=170"}],"wp:term":[{"taxonomy":"product_brand","embeddable":true,"href":"https:\/\/cyklo-centrum.sk\/ccm\/index.php?rest_route=%2Fwp%2Fv2%2Fproduct_brand&post=170"},{"taxonomy":"product_cat","embeddable":true,"href":"https:\/\/cyklo-centrum.sk\/ccm\/index.php?rest_route=%2Fwp%2Fv2%2Fproduct_cat&post=170"},{"taxonomy":"product_tag","embeddable":true,"href":"https:\/\/cyklo-centrum.sk\/ccm\/index.php?rest_route=%2Fwp%2Fv2%2Fproduct_tag&post=170"}],"curies":[{"name":"wp","href":"https:\/\/api.w.org\/{rel}","templated":true}]}}