{"id":1715,"date":"2022-03-24T17:51:40","date_gmt":"2022-03-24T16:51:40","guid":{"rendered":"http:\/\/cyklo-centrum.sk\/ccm\/?post_type=product&#038;p=1715"},"modified":"2025-09-19T12:52:02","modified_gmt":"2025-09-19T11:52:02","slug":"ctm-wire-ram-l19","status":"publish","type":"product","link":"https:\/\/cyklo-centrum.sk\/ccm\/?product=ctm-wire-ram-l19","title":{"rendered":"MTB CTM WIRE   r\u00e1m  L(19&#8243;)  17,5Ah\/630Wh"},"content":{"rendered":"","protected":false},"excerpt":{"rendered":"<p>Horsk\u00fd elektrobicykel MTB s overen\u00fdm elektromotorom Bafang M500, ktor\u00fd je navrhnut\u00fd \u010disto na horsk\u00fa cyklistiku. Poskytuje v\u00fdkon 250W a kr\u00fatiaci moment a\u017e 95Nm. Dostato\u010dn\u00fa z\u00e1sobu energie na dlh\u00e9 v\u00fdlety zabezpe\u010d\u00ed bat\u00e9ria s kapacitou a\u017e 670Wh. \u00daplne dobitie dosiahne u\u017e za cca. 6-8 hod\u00edn. Tento syst\u00e9m poskytuje dojazd 50-130km &#8211; pod\u013ea zvolen\u00e9ho stup\u0148a podpory. Komponentov\u00e9 osadenie je zvolen\u00e9 s oh\u013eadom na odolnos\u0165 a bezchybn\u00fa funkcionalitu. So v\u0161etk\u00fdmi ter\u00e9nnymi nerovnos\u0165ami si hravo porad\u00ed vidlica Suntour XCM34 so zdvihom 120mm. Spo\u013eahliv\u00e9 a presn\u00e9 radenie Shimano Deore v spolupr\u00e1ci s 10-r\u00fdchlostnou kazetou s rozsahom 11-43T. V ka\u017edej kr\u00edzovej situ\u00e1ci\u00ed ti bud\u00fa asistova\u0165 \u00fa\u010dinn\u00e9 hydraulick\u00e9 brzdy Shimano MT200 a a pri dlh\u0161\u00edch v\u00fdjazdoch ur\u010dite ocen\u00ed\u0161 aj komfortn\u00e9 sedlo z dielne Selle Royal.<br \/>\nMotor<br \/>\nBAFANG M500 \/ 250W \/ 95Nm<br \/>\nBat\u00e9ria<br \/>\nCTM IGB 670Wh \/ 36V \/ 17,5Ah<br \/>\nR\u00e1m<br \/>\nALU 6061, M (17&#8243;), L (19&#8243;), XL (21&#8243;)<br \/>\nVidlica<br \/>\nSuntour XCM34, LOR, DS, 120mm, boost\u2122 15x110axle<br \/>\nRadenie<br \/>\nShimano Deore SL-M5130\/10 sp.<br \/>\nPrehadzova\u010d<br \/>\nShimano Deore RD-M5130<br \/>\nViackole\u010dko<br \/>\nShimano LinkGlide CS-LG600\/10, 11-43<br \/>\nK\u013euky<br \/>\nBafang 38T, 170mm<br \/>\nBrzdy<br \/>\nShimano MT200 \/ SMRT10M<br \/>\nR\u00e1fiky<br \/>\nWTB ST i29 TCS 2.0 29&#8243; 32H<br \/>\nPl\u00e1\u0161te<br \/>\nWTB Trail Boss 29&#215;2,4&#8243; Comp<br \/>\nN\u00e1boje<br \/>\nShimano MT400 boost \/ 32H<br \/>\nPed\u00e1le<br \/>\nVPE-527<br \/>\nRe\u0165az<br \/>\nShimano CN-LG500 124L<br \/>\nPredstavec<br \/>\nCTM LCS\/80mm<br \/>\nRiadidl\u00e1<br \/>\nCTM rise bar, 720\/31,8 mm<br \/>\nHlavov\u00e9 zlo\u017eenie<br \/>\nNECO H383<br \/>\nSedlo<br \/>\nSR Vivo Ergo Man<br \/>\nSedlovka<br \/>\nCTM 350&#215;31,6 mm<br \/>\nR\u00fdchlosti<br \/>\n10 speed<br \/>\nHmotnos\u0165<br \/>\n24.2<\/p>\n","protected":false},"featured_media":2046,"comment_status":"closed","ping_status":"closed","template":"","meta":[],"product_brand":[],"product_cat":[19],"product_tag":[7],"class_list":{"0":"post-1715","1":"product","2":"type-product","3":"status-publish","4":"has-post-thumbnail","6":"product_cat-elektrobicykle","7":"product_tag-ctm","9":"first","10":"instock","11":"sale","12":"taxable","13":"shipping-taxable","14":"purchasable","15":"product-type-simple"},"jetpack_sharing_enabled":true,"jetpack-related-posts":[],"_links":{"self":[{"href":"https:\/\/cyklo-centrum.sk\/ccm\/index.php?rest_route=\/wp\/v2\/product\/1715","targetHints":{"allow":["GET"]}}],"collection":[{"href":"https:\/\/cyklo-centrum.sk\/ccm\/index.php?rest_route=\/wp\/v2\/product"}],"about":[{"href":"https:\/\/cyklo-centrum.sk\/ccm\/index.php?rest_route=\/wp\/v2\/types\/product"}],"replies":[{"embeddable":true,"href":"https:\/\/cyklo-centrum.sk\/ccm\/index.php?rest_route=%2Fwp%2Fv2%2Fcomments&post=1715"}],"wp:featuredmedia":[{"embeddable":true,"href":"https:\/\/cyklo-centrum.sk\/ccm\/index.php?rest_route=\/wp\/v2\/media\/2046"}],"wp:attachment":[{"href":"https:\/\/cyklo-centrum.sk\/ccm\/index.php?rest_route=%2Fwp%2Fv2%2Fmedia&parent=1715"}],"wp:term":[{"taxonomy":"product_brand","embeddable":true,"href":"https:\/\/cyklo-centrum.sk\/ccm\/index.php?rest_route=%2Fwp%2Fv2%2Fproduct_brand&post=1715"},{"taxonomy":"product_cat","embeddable":true,"href":"https:\/\/cyklo-centrum.sk\/ccm\/index.php?rest_route=%2Fwp%2Fv2%2Fproduct_cat&post=1715"},{"taxonomy":"product_tag","embeddable":true,"href":"https:\/\/cyklo-centrum.sk\/ccm\/index.php?rest_route=%2Fwp%2Fv2%2Fproduct_tag&post=1715"}],"curies":[{"name":"wp","href":"https:\/\/api.w.org\/{rel}","templated":true}]}}