{"id":1770,"date":"2022-04-11T12:13:09","date_gmt":"2022-04-11T11:13:09","guid":{"rendered":"http:\/\/cyklo-centrum.sk\/ccm\/?post_type=product&#038;p=1770"},"modified":"2023-10-28T09:37:08","modified_gmt":"2023-10-28T08:37:08","slug":"ctm-stark-20-ram-xl21","status":"publish","type":"product","link":"https:\/\/cyklo-centrum.sk\/ccm\/?product=ctm-stark-20-ram-xl21","title":{"rendered":"CTM STARK 2,0   r\u00e1m XL(21&#8243;)"},"content":{"rendered":"","protected":false},"excerpt":{"rendered":"<p>\u0160PECIFIK\u00c1CIA<br \/>\nALU 6061, M (17&#8243;), L (19&#8243;), XL (21&#8243;)Suntour NEX, HLO DS 63mm 700CShimano Altus SL-M2010\/9sp.Shimano Altus RD-M370Shimano Altus FD-M370L6Shimano HG 200\/9, 11-32Suntour XCM T418, 48-36-26T, 175mmShimano M200 \/ SMRT10SCTM ZX-lite, 622&#215;19 BA, 32HFreedom Wedge 28&#215;1,75&#8243; reflex lineCTM alloy center-lock 32H QR blackSuntour XCT 118mmSP 510KMC X9\/114LCTM AS-601\/90mmCTM HB-RB11W, 640 mmNeco semi-integratedCTMCTM SP 602, 350&#215;31,6 mm27 speed13,1kg<\/p>\n","protected":false},"featured_media":1941,"comment_status":"closed","ping_status":"closed","template":"","meta":[],"product_brand":[],"product_cat":[12],"product_tag":[7],"class_list":{"0":"post-1770","1":"product","2":"type-product","3":"status-publish","4":"has-post-thumbnail","6":"product_cat-cross-bicykle","7":"product_tag-ctm","9":"first","10":"instock","11":"sale","12":"taxable","13":"shipping-taxable","14":"purchasable","15":"product-type-simple"},"jetpack_sharing_enabled":true,"jetpack-related-posts":[],"_links":{"self":[{"href":"https:\/\/cyklo-centrum.sk\/ccm\/index.php?rest_route=\/wp\/v2\/product\/1770","targetHints":{"allow":["GET"]}}],"collection":[{"href":"https:\/\/cyklo-centrum.sk\/ccm\/index.php?rest_route=\/wp\/v2\/product"}],"about":[{"href":"https:\/\/cyklo-centrum.sk\/ccm\/index.php?rest_route=\/wp\/v2\/types\/product"}],"replies":[{"embeddable":true,"href":"https:\/\/cyklo-centrum.sk\/ccm\/index.php?rest_route=%2Fwp%2Fv2%2Fcomments&post=1770"}],"wp:featuredmedia":[{"embeddable":true,"href":"https:\/\/cyklo-centrum.sk\/ccm\/index.php?rest_route=\/wp\/v2\/media\/1941"}],"wp:attachment":[{"href":"https:\/\/cyklo-centrum.sk\/ccm\/index.php?rest_route=%2Fwp%2Fv2%2Fmedia&parent=1770"}],"wp:term":[{"taxonomy":"product_brand","embeddable":true,"href":"https:\/\/cyklo-centrum.sk\/ccm\/index.php?rest_route=%2Fwp%2Fv2%2Fproduct_brand&post=1770"},{"taxonomy":"product_cat","embeddable":true,"href":"https:\/\/cyklo-centrum.sk\/ccm\/index.php?rest_route=%2Fwp%2Fv2%2Fproduct_cat&post=1770"},{"taxonomy":"product_tag","embeddable":true,"href":"https:\/\/cyklo-centrum.sk\/ccm\/index.php?rest_route=%2Fwp%2Fv2%2Fproduct_tag&post=1770"}],"curies":[{"name":"wp","href":"https:\/\/api.w.org\/{rel}","templated":true}]}}