{"id":1902,"date":"2022-10-12T15:46:30","date_gmt":"2022-10-12T14:46:30","guid":{"rendered":"http:\/\/cyklo-centrum.sk\/ccm\/?post_type=product&#038;p=1902"},"modified":"2024-11-22T16:31:56","modified_gmt":"2024-11-22T15:31:56","slug":"mtb-ctm-ruby-275-ram-l18","status":"publish","type":"product","link":"https:\/\/cyklo-centrum.sk\/ccm\/?product=mtb-ctm-ruby-275-ram-l18","title":{"rendered":"MTB CTM RUBY 27,5&#8243;      r\u00e1m L(18&#8243;)  17,5Ah\/630Wh"},"content":{"rendered":"","protected":false},"excerpt":{"rendered":"<p>RUBY &#8211; d\u00e1msky e-bike ur\u010den\u00fd do horsk\u00e9ho ter\u00e9nu. Dostupn\u00fd je v dvoch verzi\u00e1ch \u2013 s 27,5 palcov\u00fdmi kolesami, pr\u00edpadne s v\u00e4\u010d\u0161\u00edmi, 29 palcov\u00fdmi. Osadili sme ho elektromotorom Bafang M500. Tento elektromotor je navrhnut\u00fd pre optim\u00e1lny prenos sily pri \u0161liapan\u00ed. Poskytuje v\u00fdkon 250W a kr\u00fatiaci moment a\u017e 95Nm. Dostato\u010dn\u00fa z\u00e1sobu energie na dlh\u00e9 v\u00fdlety zabezpe\u010d\u00ed bat\u00e9ria s \u010dl\u00e1nkami Samsung, ktor\u00e1 m\u00e1 kapacitu 630Wh a je plne integrovan\u00e1 v r\u00e1me bicykla. \u00daplne dobitie dosiahne u\u017e za cca. 5-6 hod\u00edn. Tento syst\u00e9m poskytuje dojazd 50-120km &#8211; pod\u013ea zvolen\u00e9ho stup\u0148a podpory. Komponentov\u00e9 osadenie je zlo\u017een\u00e9 s oh\u013eadom na odolnos\u0165 a bezchybn\u00fa funkciu. Ak chcete objavi\u0165 \u010daro E-MTB a h\u013ead\u00e1te ekonomick\u00e9 rie\u0161enie, modely RUBY s\u00fa stvoren\u00e9 pr\u00e1ve pre v\u00e1s.<\/p>\n<p>Motor:<br \/>\nBAFANG M500 \/ 250W \/ 95Nm<br \/>\nBat\u00e9ria:<br \/>\nCTM IGB 630Wh \/ 36V \/ 17,5Ah<br \/>\nR\u00e1m:<br \/>\nALU 6061, S(14&#8243;), M (16&#8243;), L (18&#8243;)<br \/>\nVidlica:<br \/>\nSuntour XCM RL DS 27,5&#8243;<br \/>\nRadenie:<br \/>\nShimano Altus SL-M2000RA 9 sp.<br \/>\nPrehadzova\u010d:<br \/>\n1. Shimano Altus RD-M2000 2.LTWOO RD-V5009-L<br \/>\nViackole\u010dko:<br \/>\nShimano CSHG200\/9sp. 11-36<br \/>\nPrevodn\u00edk:<br \/>\nBafang 38T,170mm<br \/>\nBrzdy:<br \/>\nShimano MT200 \/ SMRT10M<br \/>\nR\u00e1fiky:<br \/>\nWTB ST i29 TCS 2.0 27,5&#8243; 36H<br \/>\nPl\u00e1\u0161te:<br \/>\nWTB Ranger 27,5x 2.25&#8243; Comp<br \/>\nN\u00e1boje:<br \/>\nNovatec D041DSB,15mm\/D142TSE,36H ,CL<br \/>\nPed\u00e1le:<br \/>\nVPE-537<br \/>\nRe\u0165az:<br \/>\nKMC X9e 124L<br \/>\nPredstavec:<br \/>\nCTM LCS\/60mm<br \/>\nRiadidl\u00e1:<br \/>\nCTM rise bar, 700\/31,8 mm<br \/>\nHlavov\u00e9 zlo\u017eenie:<br \/>\nNECO H153<br \/>\nSedlo:<br \/>\nSR Vivo Ergo Lady<br \/>\nSedlovka:<br \/>\nCTM 350&#215;31,6 mm<br \/>\nR\u00fdchlost\u00ed:<br \/>\n9 speed<br \/>\nHmotnos\u0165:<br \/>\n22.7<\/p>\n","protected":false},"featured_media":2143,"comment_status":"closed","ping_status":"closed","template":"","meta":[],"product_brand":[],"product_cat":[19],"product_tag":[7],"class_list":{"0":"post-1902","1":"product","2":"type-product","3":"status-publish","4":"has-post-thumbnail","6":"product_cat-elektrobicykle","7":"product_tag-ctm","9":"first","10":"instock","11":"sale","12":"taxable","13":"shipping-taxable","14":"purchasable","15":"product-type-simple"},"jetpack_sharing_enabled":true,"jetpack-related-posts":[],"_links":{"self":[{"href":"https:\/\/cyklo-centrum.sk\/ccm\/index.php?rest_route=\/wp\/v2\/product\/1902","targetHints":{"allow":["GET"]}}],"collection":[{"href":"https:\/\/cyklo-centrum.sk\/ccm\/index.php?rest_route=\/wp\/v2\/product"}],"about":[{"href":"https:\/\/cyklo-centrum.sk\/ccm\/index.php?rest_route=\/wp\/v2\/types\/product"}],"replies":[{"embeddable":true,"href":"https:\/\/cyklo-centrum.sk\/ccm\/index.php?rest_route=%2Fwp%2Fv2%2Fcomments&post=1902"}],"wp:featuredmedia":[{"embeddable":true,"href":"https:\/\/cyklo-centrum.sk\/ccm\/index.php?rest_route=\/wp\/v2\/media\/2143"}],"wp:attachment":[{"href":"https:\/\/cyklo-centrum.sk\/ccm\/index.php?rest_route=%2Fwp%2Fv2%2Fmedia&parent=1902"}],"wp:term":[{"taxonomy":"product_brand","embeddable":true,"href":"https:\/\/cyklo-centrum.sk\/ccm\/index.php?rest_route=%2Fwp%2Fv2%2Fproduct_brand&post=1902"},{"taxonomy":"product_cat","embeddable":true,"href":"https:\/\/cyklo-centrum.sk\/ccm\/index.php?rest_route=%2Fwp%2Fv2%2Fproduct_cat&post=1902"},{"taxonomy":"product_tag","embeddable":true,"href":"https:\/\/cyklo-centrum.sk\/ccm\/index.php?rest_route=%2Fwp%2Fv2%2Fproduct_tag&post=1902"}],"curies":[{"name":"wp","href":"https:\/\/api.w.org\/{rel}","templated":true}]}}