{"id":2026,"date":"2023-10-27T10:38:26","date_gmt":"2023-10-27T09:38:26","guid":{"rendered":"http:\/\/cyklo-centrum.sk\/ccm\/?post_type=product&#038;p=2026"},"modified":"2023-10-27T10:50:41","modified_gmt":"2023-10-27T09:50:41","slug":"kellys-spider-50-275-ram-m","status":"publish","type":"product","link":"https:\/\/cyklo-centrum.sk\/ccm\/?product=kellys-spider-50-275-ram-m","title":{"rendered":"KELLYS SPIDER 50    27,5&#8243;  r\u00e1m M"},"content":{"rendered":"","protected":false},"excerpt":{"rendered":"<p>r\u00e1m KELLYS Alutec RRC 27.5 &#8211; Race Ready Concept<br \/>\nvidlica SR SUNTOUR XCM HLO (27.5), 100 mm, coil \/ Speed Lockout<br \/>\nk\u013euky SHIMANO TY501 (42x34x24T) &#8211; d\u013a\u017eka 170 mm (S), 175 mm (M)<br \/>\nmeni\u010d SHIMANO Altus M310 (direct mount)<br \/>\npre\u0161myka\u010d SHIMANO TY700 (34.9 mm)<br \/>\nradenie SHIMANO SL-M310 Rapidfire Plus<br \/>\npo\u010det prevodov 24<br \/>\nkazetov\u00fd pastorok SHIMANO CS-HG200-8 (12-32T)<br \/>\nre\u0165az KMC Z8 (110 \u010dl\u00e1nkov)<br \/>\nbrzdy SHIMANO MT200 Hydraulic Disc alebo KLS 1600 Hydraulic Disc<br \/>\nbrzdov\u00e9 p\u00e1ky SHIMANO BL-MT200 alebo KLS 1600<br \/>\nbrzdov\u00e9 kot\u00fa\u010de predn\u00fd 160 mm \/ zadn\u00fd 160 mm<br \/>\nn\u00e1boje predn\u00fd KT Disc \/ zadn\u00fd SHIMANO TX505 Disc Center Lock alebo KT Disc Center Lock (32 dier)<br \/>\nr\u00e1fiky KLS Draft Disc 584&#215;21 (32 dier)<br \/>\nv\u00fdplet steel<br \/>\npl\u00e1\u0161te IMPAC Ridgepac 54-584 (27.5&#215;2.10)<br \/>\nhlav.zlo\u017eenie semi-integrated<br \/>\nstred.zlo\u017eenie cartridge (122 mm)<br \/>\npredstavec KLS Active &#8211; diam 28.6 mm \/ bar bore 31.8 mm \/ 8\u00b0 \/ d\u013a\u017eka 75 mm<br \/>\nriadidl\u00e1 KLS Active RiseBar &#8211; diam 31.8 mm \/ rise 18 mm \/ \u0161\u00edrka 660 mm (S), 680 mm (M)<br \/>\nrukov\u00e4te KLS Advancer<br \/>\nsedlovka KLS Active &#8211; diam 30.9 mm \/ d\u013a\u017eka 300 mm<br \/>\nsedlo KLS Sentinel 2<br \/>\nped\u00e1le alloy<br \/>\nve\u013ekos\u0165 r\u00e1mu S \/ M<\/p>\n","protected":false},"featured_media":1636,"comment_status":"closed","ping_status":"closed","template":"","meta":[],"product_brand":[],"product_cat":[26,6],"product_tag":[8],"class_list":{"0":"post-2026","1":"product","2":"type-product","3":"status-publish","4":"has-post-thumbnail","6":"product_cat-27-5","7":"product_cat-horske_bicykle","8":"product_tag-kellys","10":"first","11":"instock","12":"sale","13":"taxable","14":"shipping-taxable","15":"purchasable","16":"product-type-simple"},"jetpack_sharing_enabled":true,"jetpack-related-posts":[],"_links":{"self":[{"href":"https:\/\/cyklo-centrum.sk\/ccm\/index.php?rest_route=\/wp\/v2\/product\/2026","targetHints":{"allow":["GET"]}}],"collection":[{"href":"https:\/\/cyklo-centrum.sk\/ccm\/index.php?rest_route=\/wp\/v2\/product"}],"about":[{"href":"https:\/\/cyklo-centrum.sk\/ccm\/index.php?rest_route=\/wp\/v2\/types\/product"}],"replies":[{"embeddable":true,"href":"https:\/\/cyklo-centrum.sk\/ccm\/index.php?rest_route=%2Fwp%2Fv2%2Fcomments&post=2026"}],"wp:featuredmedia":[{"embeddable":true,"href":"https:\/\/cyklo-centrum.sk\/ccm\/index.php?rest_route=\/wp\/v2\/media\/1636"}],"wp:attachment":[{"href":"https:\/\/cyklo-centrum.sk\/ccm\/index.php?rest_route=%2Fwp%2Fv2%2Fmedia&parent=2026"}],"wp:term":[{"taxonomy":"product_brand","embeddable":true,"href":"https:\/\/cyklo-centrum.sk\/ccm\/index.php?rest_route=%2Fwp%2Fv2%2Fproduct_brand&post=2026"},{"taxonomy":"product_cat","embeddable":true,"href":"https:\/\/cyklo-centrum.sk\/ccm\/index.php?rest_route=%2Fwp%2Fv2%2Fproduct_cat&post=2026"},{"taxonomy":"product_tag","embeddable":true,"href":"https:\/\/cyklo-centrum.sk\/ccm\/index.php?rest_route=%2Fwp%2Fv2%2Fproduct_tag&post=2026"}],"curies":[{"name":"wp","href":"https:\/\/api.w.org\/{rel}","templated":true}]}}