{"id":2070,"date":"2024-04-04T13:05:25","date_gmt":"2024-04-04T12:05:25","guid":{"rendered":"http:\/\/cyklo-centrum.sk\/ccm\/?post_type=product&#038;p=2070"},"modified":"2024-04-04T13:13:54","modified_gmt":"2024-04-04T12:13:54","slug":"ctm-maxima-30-ram-m-16","status":"publish","type":"product","link":"https:\/\/cyklo-centrum.sk\/ccm\/?product=ctm-maxima-30-ram-m-16","title":{"rendered":"CTM MAXIMA 3,0   r\u00e1m  M (16&#8243;)"},"content":{"rendered":"","protected":false},"excerpt":{"rendered":"<p>R\u00e1m<br \/>\nALU 6061, M (16&#8243;), L (18&#8243;)<br \/>\nVidlica<br \/>\nSuntour NEX, HLO DS 63mm 700C<br \/>\nRadenie<br \/>\nShimano Altus SL-M310\/8sp.<br \/>\nPrehadzova\u010d<br \/>\nShimano RD-TX800<br \/>\nPre\u0161m\u00fdka\u010d<br \/>\nShimano FD-TY510<br \/>\nViackole\u010dko<br \/>\nShimano HG200\/8, 12-32<br \/>\nK\u013euky<br \/>\nShimano FC-TY301, 48-38-28T, 175mm<br \/>\nBrzdy<br \/>\nZOOM HB875\/SMRT10S<br \/>\nR\u00e1fiky<br \/>\nCTM ZX-lite, 622&#215;19 BA, 32H<br \/>\nPl\u00e1\u0161te<br \/>\nFreedom Wedge 28&#215;1,75&#8243; reflex line<br \/>\nN\u00e1boje<br \/>\nCTM alloy center-lock 32H QR black<br \/>\nOska<br \/>\nNECO 122,5mm<br \/>\nPed\u00e1le<br \/>\nSP 877<br \/>\nRe\u0165az<br \/>\nKMC Z7\/114L<br \/>\nPredstavec<br \/>\nCTM adjustable, 90\/25,4 mm<br \/>\nRiadidl\u00e1<br \/>\nZoom MTB-153, 620\/25,4 mm<br \/>\nHlavov\u00e9 zlo\u017eenie<br \/>\nNeco semi-integrated<br \/>\nSedlo<br \/>\nCTM<br \/>\nSedlovka<br \/>\nZoom C208, 300\/31,6 mm<br \/>\nR\u00fdchlosti<br \/>\n24 speed<br \/>\nHmotnos\u0165<br \/>\n14.2<\/p>\n","protected":false},"featured_media":2071,"comment_status":"closed","ping_status":"closed","template":"","meta":[],"product_brand":[],"product_cat":[43],"product_tag":[7],"class_list":{"0":"post-2070","1":"product","2":"type-product","3":"status-publish","4":"has-post-thumbnail","6":"product_cat-cross-damske-bicykle","7":"product_tag-ctm","9":"first","10":"instock","11":"sale","12":"taxable","13":"shipping-taxable","14":"purchasable","15":"product-type-simple"},"jetpack_sharing_enabled":true,"jetpack-related-posts":[],"_links":{"self":[{"href":"https:\/\/cyklo-centrum.sk\/ccm\/index.php?rest_route=\/wp\/v2\/product\/2070","targetHints":{"allow":["GET"]}}],"collection":[{"href":"https:\/\/cyklo-centrum.sk\/ccm\/index.php?rest_route=\/wp\/v2\/product"}],"about":[{"href":"https:\/\/cyklo-centrum.sk\/ccm\/index.php?rest_route=\/wp\/v2\/types\/product"}],"replies":[{"embeddable":true,"href":"https:\/\/cyklo-centrum.sk\/ccm\/index.php?rest_route=%2Fwp%2Fv2%2Fcomments&post=2070"}],"wp:featuredmedia":[{"embeddable":true,"href":"https:\/\/cyklo-centrum.sk\/ccm\/index.php?rest_route=\/wp\/v2\/media\/2071"}],"wp:attachment":[{"href":"https:\/\/cyklo-centrum.sk\/ccm\/index.php?rest_route=%2Fwp%2Fv2%2Fmedia&parent=2070"}],"wp:term":[{"taxonomy":"product_brand","embeddable":true,"href":"https:\/\/cyklo-centrum.sk\/ccm\/index.php?rest_route=%2Fwp%2Fv2%2Fproduct_brand&post=2070"},{"taxonomy":"product_cat","embeddable":true,"href":"https:\/\/cyklo-centrum.sk\/ccm\/index.php?rest_route=%2Fwp%2Fv2%2Fproduct_cat&post=2070"},{"taxonomy":"product_tag","embeddable":true,"href":"https:\/\/cyklo-centrum.sk\/ccm\/index.php?rest_route=%2Fwp%2Fv2%2Fproduct_tag&post=2070"}],"curies":[{"name":"wp","href":"https:\/\/api.w.org\/{rel}","templated":true}]}}