{"id":2075,"date":"2024-04-19T14:42:24","date_gmt":"2024-04-19T13:42:24","guid":{"rendered":"http:\/\/cyklo-centrum.sk\/ccm\/?post_type=product&#038;p=2075"},"modified":"2025-09-19T10:53:56","modified_gmt":"2025-09-19T09:53:56","slug":"kellys-estima-10-ram-s-504wh","status":"publish","type":"product","link":"https:\/\/cyklo-centrum.sk\/ccm\/?product=kellys-estima-10-ram-s-504wh","title":{"rendered":"city KELLYS ESTIMA 10    r\u00e1m S   504Wh motor SHIMANO"},"content":{"rendered":"","protected":false},"excerpt":{"rendered":"<p>KELLYS Estima 10 SH Sky Blue S 28&#8243; 504Wh<\/p>\n<p>r\u00e1m KELLYS e-FRAME City Aluminium alloy monotube, semi-integrated battery, tapered HT, integrated kickstand mount<br \/>\nmotor SHIMANO STEPS E5000, 36 V<br \/>\nbat\u00e9ria SHIMANO BT-E8010, 504 Wh \/ capacity 14 Ah<br \/>\ncyklopo\u010d\u00edta\u010d SHIMANO SC-E5000 cycle computer with assist switch<br \/>\nvidlica SR SUNTOUR NEX-E25 NLO, 63 mm, coil spring<br \/>\nk\u013euky SHIMANO E5000 (38T) &#8211; d\u013a\u017eka 170 mm<br \/>\nmeni\u010d SHIMANO Cues U4000 (direct mount)<br \/>\nradenie SHIMANO Cues SL-U4000-9 Rapidfire Plus<br \/>\npo\u010det prevodov 9<br \/>\nkazetov\u00fd pastorok SHIMANO Linkglide CS-LG300-9 (11-41T)<br \/>\nre\u0165az SHIMANO Linkglide CN-LG500 (122 \u010dl\u00e1nkov)<br \/>\nbrzdy SHIMANO MT200 hydraulic disc<br \/>\nbrzdov\u00e9 p\u00e1ky SHIMANO BL-MT200<br \/>\nbrzdov\u00e9 kot\u00fa\u010de predn\u00fd 160 mm \/ zadn\u00fd 160 mm<br \/>\nn\u00e1boje SHIMANO TX505 Disc Center Lock (32 dier)<br \/>\nr\u00e1fiky KLS Draft Disc 622&#215;21 (32 dier)<br \/>\nv\u00fdplet stainless steel black<br \/>\npl\u00e1\u0161te MICHELIN Protec BR 47-622 (28&#215;1.75) ReflectiveLine<br \/>\nhlav.zlo\u017eenie 1.5 semi-integrated<br \/>\npredstavec nastavite\u013en\u00fd PROMAX a-head &#8211; diam 28.6 mm \/ bar bore 31.8 mm \/ d\u013a\u017eka 85 mm (S), 105 mm (M)<br \/>\nriadidl\u00e1 KALLOY RiseBar &#8211; diam 31.8 mm \/ \u0161\u00edrka 640 mm<br \/>\nrukov\u00e4te KLS Wave 2Density ergonomic<br \/>\nsedlovka KLS Active &#8211; diam 30.9 mm \/ d\u013a\u017eka 350 mm<br \/>\nsedlo SELLE ROYAL Freedom Royalgel<br \/>\nped\u00e1le plast<br \/>\npredn\u00e9 osvetlenie AXA Compactline 35<br \/>\nzadn\u00e9 osvetlenie TRELOCK Duo Flat<br \/>\nblatn\u00edky plast<br \/>\ndoplnky nosi\u010d z hlin\u00edkovej zliatiny, nastavite\u013en\u00fd stojan, zvon\u010dek<br \/>\nve\u013ekos\u0165 r\u00e1mu S \/ M<\/p>\n","protected":false},"featured_media":2076,"comment_status":"closed","ping_status":"closed","template":"","meta":[],"product_brand":[],"product_cat":[19],"product_tag":[8],"class_list":{"0":"post-2075","1":"product","2":"type-product","3":"status-publish","4":"has-post-thumbnail","6":"product_cat-elektrobicykle","7":"product_tag-kellys","9":"first","10":"instock","11":"sale","12":"taxable","13":"shipping-taxable","14":"purchasable","15":"product-type-simple"},"jetpack_sharing_enabled":true,"jetpack-related-posts":[],"_links":{"self":[{"href":"https:\/\/cyklo-centrum.sk\/ccm\/index.php?rest_route=\/wp\/v2\/product\/2075","targetHints":{"allow":["GET"]}}],"collection":[{"href":"https:\/\/cyklo-centrum.sk\/ccm\/index.php?rest_route=\/wp\/v2\/product"}],"about":[{"href":"https:\/\/cyklo-centrum.sk\/ccm\/index.php?rest_route=\/wp\/v2\/types\/product"}],"replies":[{"embeddable":true,"href":"https:\/\/cyklo-centrum.sk\/ccm\/index.php?rest_route=%2Fwp%2Fv2%2Fcomments&post=2075"}],"wp:featuredmedia":[{"embeddable":true,"href":"https:\/\/cyklo-centrum.sk\/ccm\/index.php?rest_route=\/wp\/v2\/media\/2076"}],"wp:attachment":[{"href":"https:\/\/cyklo-centrum.sk\/ccm\/index.php?rest_route=%2Fwp%2Fv2%2Fmedia&parent=2075"}],"wp:term":[{"taxonomy":"product_brand","embeddable":true,"href":"https:\/\/cyklo-centrum.sk\/ccm\/index.php?rest_route=%2Fwp%2Fv2%2Fproduct_brand&post=2075"},{"taxonomy":"product_cat","embeddable":true,"href":"https:\/\/cyklo-centrum.sk\/ccm\/index.php?rest_route=%2Fwp%2Fv2%2Fproduct_cat&post=2075"},{"taxonomy":"product_tag","embeddable":true,"href":"https:\/\/cyklo-centrum.sk\/ccm\/index.php?rest_route=%2Fwp%2Fv2%2Fproduct_tag&post=2075"}],"curies":[{"name":"wp","href":"https:\/\/api.w.org\/{rel}","templated":true}]}}