{"id":2166,"date":"2024-11-22T16:06:40","date_gmt":"2024-11-22T15:06:40","guid":{"rendered":"http:\/\/cyklo-centrum.sk\/ccm\/?post_type=product&#038;p=2166"},"modified":"2025-09-19T10:34:30","modified_gmt":"2025-09-19T09:34:30","slug":"lectron-montana-px-ram-17-20ah","status":"publish","type":"product","link":"https:\/\/cyklo-centrum.sk\/ccm\/?product=lectron-montana-px-ram-17-20ah","title":{"rendered":"MTB LECTRON MONTANA PX r\u00e1m 17&#8243; 20Ah\/720Wh motor Panasonic"},"content":{"rendered":"","protected":false},"excerpt":{"rendered":"<p>Montana se stala synonymem pro skv\u011ble ovladateln\u00e9 horsk\u00e9 elektrokolo 27,5\u2033 s v\u00fdkonn\u00fdm motorem a kompaktn\u00ed bateri\u00ed s velk\u00fdm dojezdem pro cyklistick\u00e9 v\u00fdlety i po nezpevn\u011bn\u00fdch cest\u00e1ch.<\/p>\n<p>Srdcem nov\u00e9 \u0159ady PX je  v\u00fdkonn\u00fd  motor Panasonic GX Power plus, s origin\u00e1ln\u00edm softwarov\u00fdm nastaven\u00edm, kter\u00fd v mnoha parametrech p\u0159evy\u0161uje jin\u00e9 motorizace. Perfektn\u011b odstup\u0148ovan\u00e1 asistence s mo\u017enost\u00ed automatick\u00e9 regulace i vyu\u017eit\u00ed maxim\u00e1ln\u00edho v\u00fdkonu motoru tak p\u0159in\u00e1\u0161\u00ed skv\u011bl\u00fd z\u00e1\u017eitek ve v\u0161ech j\u00edzdn\u00edch re\u017eimech i prudk\u00fdch stoup\u00e1n\u00edch.<\/p>\n<p>O p\u0159enos v\u00fdkonu se star\u00e1 p\u0159ehazova\u010dka Shimano s 9 rychlostmi  a kazetou s rozsahem 11-32 zub\u016f.  Optim\u00e1ln\u00ed rozsah pokr\u00fdv\u00e1 v\u0161echny b\u011b\u017en\u00e9 j\u00edzdn\u00ed re\u017eimy a poskytuje komfortn\u00ed j\u00edzdu s pomalej\u0161\u00ed kadenc\u00ed \u0161lap\u00e1n\u00ed i ve vy\u0161\u0161\u00edch rychlostech.  Osv\u011bd\u010den\u00fd dev\u00edtirychostn\u00ed syst\u00e9m Shimano  p\u0159esn\u011b \u0159ad\u00ed a m\u00e1 malou servisn\u00ed n\u00e1ro\u010dnost.<\/p>\n<p> Montana PX je ide\u00e1ln\u00edm spole\u010dn\u00edkem pro v\u0161echny typy v\u00fdlet\u016f nejen po silnic\u00edch, ale  i nezpevn\u011bn\u00fdch cest\u00e1ch, poln\u00edch i lesn\u00edch stezk\u00e1ch. V\u0161em generac\u00edm jezdc\u016f p\u0159itom poskytne komfortn\u00ed r\u00e1m, perfektn\u00ed ovladatelnost a osv\u011bd\u010den\u00e9 zna\u010dkov\u00e9 komponenty.<\/p>\n<p>J\u00edzdn\u00ed komfort a skv\u011bl\u00e1 ovladatelnost je podtr\u017eena u\u017eit\u00edm osv\u011bd\u010den\u00e9  p\u0159edn\u00ed vidlice SR Suntour XCM se zdvihem 100mm se zamyk\u00e1n\u00edm.  P\u0159\u00edjemn\u00fd brzdn\u00fd \u00fa\u010dinek a hladk\u00e9 d\u00e1vkov\u00e1n\u00ed zaji\u0161\u0165uje brzdov\u00fd syst\u00e9m Shimano  MT201 zn\u00e1m\u00fd nejen svoj\u00ed \u00fa\u010dinnost\u00ed, ale tak\u00e9  nen\u00e1ro\u010dnost\u00ed na \u00fadr\u017ebu. Lehk\u00fd a pevn\u00fd r\u00e1m poskytuje snadnou mo\u017enost demont\u00e1\u017ee kol d\u00edky rychloup\u00ednac\u00edmu syst\u00e9mu.  Z\u00e1rukou dlouh\u00e9 \u017eivotnosti jsou tak\u00e9 precizn\u011b zpracovan\u00e9 kliky a \u0159et\u011bzov\u00e9 kolo od premiov\u00e9 zna\u010dky Samox.<\/p>\n<p>Pl\u00e1\u0161t\u011b Maxxis Crossmark  27,5 x 2,25\u2033 maj\u00ed optimalizovan\u00fd dez\u00e9n tak, aby poskytovaly pot\u0159ebnou trakci na nezpevn\u011bn\u00e9m povrchu, ale d\u00edky jemn\u011bj\u0161\u00edmu vzorku i komfortn\u00ed j\u00edzdu po silnici a jistotu p\u0159i pr\u016fjezdu zat\u00e1\u010dkou.<\/p>\n<p>Dal\u0161\u00edm trumfem je baterie, kter\u00e1 si d\u00edky pou\u017eit\u00ed nov\u00e9 generace bateriov\u00fdch \u010dl\u00e1nk\u016f v rozm\u011brov\u00e9m standardu Tesla zachovala  kompaktn\u00ed rozm\u011bry i malou hmotnost. Je integrov\u00e1na ve \u0161t\u00edhl\u00e9 linii r\u00e1mu a  je rovn\u011b\u017e snadno odn\u00edmateln\u00e1. Baterie je propojen\u00e1 s \u0159\u00edd\u00edc\u00edm centrem motoru a poskytuje nadstandardn\u00ed kapacitu 20Ah (720Wh), s dojezdem a\u017e na hranici 170km. S kolem si tak m\u016f\u017eete u\u017e\u00edt nejen mnohahodinov\u00fd v\u00fdlet, ale m\u00e1te naprostou jistotu i v kopcovit\u00e9m ter\u00e9nu nebo p\u0159i dynamick\u00e9 j\u00edzd\u011b, prov\u00e1zen\u00e9 v\u011bt\u0161\u00ed spot\u0159ebou energie<\/p>\n<p>Motor\tSt\u0159edov\u00fd Panasonic GX Power Plus 250 W \/ max. 500 W<br \/>\nBaterie\tLi-ion Samsung\/LG 36V \u2013 20 Ah (720 Wh)<br \/>\nDojezd\tA\u017e 170 km (dojezd je z\u00e1visl\u00fd na podm\u00ednk\u00e1ch, ter\u00e9nu a v\u00e1ze jezdce, ud\u00e1v\u00e1me metrikou 4 Wh\/km)<br \/>\nOvl\u00e1d\u00e1n\u00ed\tLCD barevn\u00fd display Panasonic (4 stupn\u011b asistence, auto mode,  walk re\u017eim)<br \/>\nR\u00e1fky\t27,5\u201d dvoust\u011bnn\u00e9<br \/>\nPl\u00e1\u0161t\u011b\t27,5 x 2,25\u201d Maxxis Crossmark II<br \/>\nR\u00e1m\t17\u201d \u2013 slitina Alu 6061<br \/>\nVidlice\tSR Suntoru XCM se zdvihem 100mm a z\u00e1mkem.<br \/>\nKliky, \u0159et\u011bzov\u00e9 kolo\tSamox 38T<br \/>\nP\u0159ehazova\u010dka\tShimano 9 rychlost\u00ed M2000 (11-32T),<br \/>\nBrzdy\tHydraulick\u00e9 Shimano MT201<br \/>\nR\u00e1m elektrokola je vylad\u011bn pro snadnou ovladatelnost a optim\u00e1ln\u00ed posed p\u0159i v\u0161ech j\u00edzdn\u00edch re\u017eimech. Nov\u00fd r\u00e1m  tak p\u0159edstavuje vyv\u00e1\u017een\u00fd celek, kter\u00fd  precizn\u011b integruje kompaktn\u00ed baterii s  motorem,  ve \u0161t\u00edhl\u00e9 a \u010dist\u00e9 linii.  Origin\u00e1ln\u00ed nad\u010dasov\u00fd design podtrhuje dokonal\u00fd styl tohoto modern\u00edho elektrokola.<\/p>\n<p>Osv\u011bd\u010den\u00e1 v\u00fdbava,  kompaktn\u00ed a p\u0159itom siln\u00e1 baterie s velk\u00fdm dojezdem a \u0161pi\u010dkov\u00fd motor s velk\u00fdm v\u00fdkonem zaji\u0161tuje j\u00edzdn\u00ed kvality p\u0159i v\u00fdletech i toulk\u00e1ch ter\u00e9nem.<\/p>\n<p>Montana PX je zkr\u00e1tka p\u0159\u00edjemn\u011b ovladateln\u00e9  MTB elektrokolo, kter\u00e9 v\u00e1m poskytne v\u0161echny trumfy za p\u0159\u00edznivou cenu!<\/p>\n","protected":false},"featured_media":2167,"comment_status":"closed","ping_status":"closed","template":"","meta":[],"product_brand":[],"product_cat":[19],"product_tag":[21],"class_list":{"0":"post-2166","1":"product","2":"type-product","3":"status-publish","4":"has-post-thumbnail","6":"product_cat-elektrobicykle","7":"product_tag-lectron","9":"first","10":"instock","11":"sale","12":"taxable","13":"shipping-taxable","14":"purchasable","15":"product-type-simple"},"jetpack_sharing_enabled":true,"jetpack-related-posts":[],"_links":{"self":[{"href":"https:\/\/cyklo-centrum.sk\/ccm\/index.php?rest_route=\/wp\/v2\/product\/2166","targetHints":{"allow":["GET"]}}],"collection":[{"href":"https:\/\/cyklo-centrum.sk\/ccm\/index.php?rest_route=\/wp\/v2\/product"}],"about":[{"href":"https:\/\/cyklo-centrum.sk\/ccm\/index.php?rest_route=\/wp\/v2\/types\/product"}],"replies":[{"embeddable":true,"href":"https:\/\/cyklo-centrum.sk\/ccm\/index.php?rest_route=%2Fwp%2Fv2%2Fcomments&post=2166"}],"wp:featuredmedia":[{"embeddable":true,"href":"https:\/\/cyklo-centrum.sk\/ccm\/index.php?rest_route=\/wp\/v2\/media\/2167"}],"wp:attachment":[{"href":"https:\/\/cyklo-centrum.sk\/ccm\/index.php?rest_route=%2Fwp%2Fv2%2Fmedia&parent=2166"}],"wp:term":[{"taxonomy":"product_brand","embeddable":true,"href":"https:\/\/cyklo-centrum.sk\/ccm\/index.php?rest_route=%2Fwp%2Fv2%2Fproduct_brand&post=2166"},{"taxonomy":"product_cat","embeddable":true,"href":"https:\/\/cyklo-centrum.sk\/ccm\/index.php?rest_route=%2Fwp%2Fv2%2Fproduct_cat&post=2166"},{"taxonomy":"product_tag","embeddable":true,"href":"https:\/\/cyklo-centrum.sk\/ccm\/index.php?rest_route=%2Fwp%2Fv2%2Fproduct_tag&post=2166"}],"curies":[{"name":"wp","href":"https:\/\/api.w.org\/{rel}","templated":true}]}}