{"id":2189,"date":"2025-02-14T13:49:12","date_gmt":"2025-02-14T12:49:12","guid":{"rendered":"https:\/\/cyklo-centrum.sk\/ccm\/?post_type=product&#038;p=2189"},"modified":"2025-02-14T13:49:58","modified_gmt":"2025-02-14T12:49:58","slug":"kellys-spider-10-ramm","status":"publish","type":"product","link":"https:\/\/cyklo-centrum.sk\/ccm\/?product=kellys-spider-10-ramm","title":{"rendered":"KELLYS SPIDER 10    r\u00e1m(M)"},"content":{"rendered":"","protected":false},"excerpt":{"rendered":"<p>r\u00e1m KELLYS Alutec RRC 27.5 &#8211; Race Ready Concept<br \/>\nvidlica SR SUNTOUR XCE28 (27.5), 80 mm, coil spring<br \/>\nk\u013euky PROWHEEL (42x34x24T) &#8211; d\u013a\u017eka 170 mm<br \/>\nmeni\u010d SHIMANO TY300 ( direct mount)<br \/>\npre\u0161myka\u010d SHIMANO TY300 (34.9 mm)<br \/>\nradenie SHIMANO ST-EF41-7 EZ-fire Plus<br \/>\npo\u010det prevodov 21<br \/>\nkazetov\u00fd pastorok SHIMANO CS-HG200-7 (12-32T)<br \/>\nre\u0165az KMC Z7 (108 \u010dl\u00e1nkov)<br \/>\nbrzdy APSE V-brake<br \/>\nbrzdov\u00e9 p\u00e1ky SHIMANO ST-EF41 EZ-fire Plus<br \/>\nn\u00e1boje alloy \/ SHIMANO TY500-7 (32 dier)<br \/>\nr\u00e1fiky KLS Draft 584&#215;21 (32 dier)<br \/>\nv\u00fdplet steel<br \/>\npl\u00e1\u0161te IMPAC Ridgepac 54-584 (27.5&#215;2.10)<br \/>\nhlavov\u00e9 zlo\u017eenie semi-integrated<br \/>\nstred.zlo\u017eenie cartridge (122 mm)<br \/>\npredstavec KLS Active &#8211; diam 28.6 mm \/ bar bore 31.8 mm \/ 8\u00b0 \/ d\u013a\u017eka 75 mm<br \/>\nriadidl\u00e1 KLS Active RiseBar &#8211; diam 31.8 mm \/ rise 18 mm \/ \u0161\u00edrka 660 mm (S), 680 mm (M)<br \/>\nrukov\u00e4te KLS Advancer<br \/>\nsedlovka KLS Active &#8211; diam 30.9 mm \/ d\u013a\u017eka 300 mm<br \/>\nsedlo KLS Sentinel 2<br \/>\nped\u00e1le plast<br \/>\nve\u013ekos\u0165 r\u00e1mu S \/ M<\/p>\n","protected":false},"featured_media":2190,"comment_status":"closed","ping_status":"closed","template":"","meta":[],"product_brand":[],"product_cat":[26,6],"product_tag":[8],"class_list":{"0":"post-2189","1":"product","2":"type-product","3":"status-publish","4":"has-post-thumbnail","6":"product_cat-27-5","7":"product_cat-horske_bicykle","8":"product_tag-kellys","10":"first","11":"instock","12":"sale","13":"taxable","14":"shipping-taxable","15":"purchasable","16":"product-type-simple"},"jetpack_sharing_enabled":true,"jetpack-related-posts":[],"_links":{"self":[{"href":"https:\/\/cyklo-centrum.sk\/ccm\/index.php?rest_route=\/wp\/v2\/product\/2189","targetHints":{"allow":["GET"]}}],"collection":[{"href":"https:\/\/cyklo-centrum.sk\/ccm\/index.php?rest_route=\/wp\/v2\/product"}],"about":[{"href":"https:\/\/cyklo-centrum.sk\/ccm\/index.php?rest_route=\/wp\/v2\/types\/product"}],"replies":[{"embeddable":true,"href":"https:\/\/cyklo-centrum.sk\/ccm\/index.php?rest_route=%2Fwp%2Fv2%2Fcomments&post=2189"}],"wp:featuredmedia":[{"embeddable":true,"href":"https:\/\/cyklo-centrum.sk\/ccm\/index.php?rest_route=\/wp\/v2\/media\/2190"}],"wp:attachment":[{"href":"https:\/\/cyklo-centrum.sk\/ccm\/index.php?rest_route=%2Fwp%2Fv2%2Fmedia&parent=2189"}],"wp:term":[{"taxonomy":"product_brand","embeddable":true,"href":"https:\/\/cyklo-centrum.sk\/ccm\/index.php?rest_route=%2Fwp%2Fv2%2Fproduct_brand&post=2189"},{"taxonomy":"product_cat","embeddable":true,"href":"https:\/\/cyklo-centrum.sk\/ccm\/index.php?rest_route=%2Fwp%2Fv2%2Fproduct_cat&post=2189"},{"taxonomy":"product_tag","embeddable":true,"href":"https:\/\/cyklo-centrum.sk\/ccm\/index.php?rest_route=%2Fwp%2Fv2%2Fproduct_tag&post=2189"}],"curies":[{"name":"wp","href":"https:\/\/api.w.org\/{rel}","templated":true}]}}