{"id":2196,"date":"2025-02-14T14:41:48","date_gmt":"2025-02-14T13:41:48","guid":{"rendered":"https:\/\/cyklo-centrum.sk\/ccm\/?post_type=product&#038;p=2196"},"modified":"2026-03-30T10:11:41","modified_gmt":"2026-03-30T09:11:41","slug":"24-kellys-kiter-30","status":"publish","type":"product","link":"https:\/\/cyklo-centrum.sk\/ccm\/?product=24-kellys-kiter-30","title":{"rendered":"24&#8243; KELLYS KITER 30"},"content":{"rendered":"","protected":false},"excerpt":{"rendered":"<p>r\u00e1m KELLYS Aluminium alloy Junior 24&#8243;<br \/>\nvidlica hi-ten steel unicrown<br \/>\nk\u013euky PROWHEEL (32T) &#8211; d\u013a\u017eka 152 mm<br \/>\nmeni\u010d SHIMANO TY300 (direct mount)<br \/>\nradenie SHIMANO SL-RV200-7R Revoshift<br \/>\npo\u010det prevodov 7<br \/>\nkazetov\u00fd pastorok SHIMANO CS-HG200-7 (12-32T)<br \/>\nre\u0165az KMC Z7 (102 \u010dl\u00e1nkov)<br \/>\nbrzdy TEKTRO V-brake<br \/>\nbrzdov\u00e9 p\u00e1ky APSE<br \/>\nn\u00e1boje alloy (24 dier)<br \/>\nr\u00e1fiky KLS Wasper 507&#215;19 (24 dier)<br \/>\nv\u00fdplet steel black<br \/>\npl\u00e1\u0161te RUBENA Winner 50-507 (24&#8243;x1.95)<br \/>\nhlavov\u00e9 zlo\u017eenie threadless a-head<br \/>\nstred.zlo\u017eenie cartridge (126 mm)<br \/>\npredstavec KALLOY &#8211; diam 28.6 mm \/ d\u013a\u017eka 60 mm<br \/>\nriadidl\u00e1 steel RiseBar &#8211; diam 25.4 mm \/ \u0161\u00edrka 580 mm<br \/>\nrukov\u00e4te kraton<br \/>\nsedlovka KALLOY &#8211; diam 27.2 mm \/ d\u013a\u017eka 300 mm<br \/>\nsedlo KLS Junior<br \/>\nped\u00e1le plast<br \/>\nve\u013ekos\u0165 r\u00e1mu 279 mm<\/p>\n","protected":false},"featured_media":2197,"comment_status":"closed","ping_status":"closed","template":"","meta":[],"product_brand":[],"product_cat":[37,15],"product_tag":[8],"class_list":{"0":"post-2196","1":"product","2":"type-product","3":"status-publish","4":"has-post-thumbnail","6":"product_cat-37","7":"product_cat-detske-bicykle","8":"product_tag-kellys","10":"first","11":"instock","12":"sale","13":"taxable","14":"shipping-taxable","15":"purchasable","16":"product-type-simple"},"jetpack_sharing_enabled":true,"jetpack-related-posts":[],"_links":{"self":[{"href":"https:\/\/cyklo-centrum.sk\/ccm\/index.php?rest_route=\/wp\/v2\/product\/2196","targetHints":{"allow":["GET"]}}],"collection":[{"href":"https:\/\/cyklo-centrum.sk\/ccm\/index.php?rest_route=\/wp\/v2\/product"}],"about":[{"href":"https:\/\/cyklo-centrum.sk\/ccm\/index.php?rest_route=\/wp\/v2\/types\/product"}],"replies":[{"embeddable":true,"href":"https:\/\/cyklo-centrum.sk\/ccm\/index.php?rest_route=%2Fwp%2Fv2%2Fcomments&post=2196"}],"wp:featuredmedia":[{"embeddable":true,"href":"https:\/\/cyklo-centrum.sk\/ccm\/index.php?rest_route=\/wp\/v2\/media\/2197"}],"wp:attachment":[{"href":"https:\/\/cyklo-centrum.sk\/ccm\/index.php?rest_route=%2Fwp%2Fv2%2Fmedia&parent=2196"}],"wp:term":[{"taxonomy":"product_brand","embeddable":true,"href":"https:\/\/cyklo-centrum.sk\/ccm\/index.php?rest_route=%2Fwp%2Fv2%2Fproduct_brand&post=2196"},{"taxonomy":"product_cat","embeddable":true,"href":"https:\/\/cyklo-centrum.sk\/ccm\/index.php?rest_route=%2Fwp%2Fv2%2Fproduct_cat&post=2196"},{"taxonomy":"product_tag","embeddable":true,"href":"https:\/\/cyklo-centrum.sk\/ccm\/index.php?rest_route=%2Fwp%2Fv2%2Fproduct_tag&post=2196"}],"curies":[{"name":"wp","href":"https:\/\/api.w.org\/{rel}","templated":true}]}}