{"id":2250,"date":"2025-02-20T13:10:31","date_gmt":"2025-02-20T12:10:31","guid":{"rendered":"https:\/\/cyklo-centrum.sk\/ccm\/?post_type=product&#038;p=2250"},"modified":"2025-11-12T15:08:51","modified_gmt":"2025-11-12T14:08:51","slug":"kellys-cliff-90-thunderstorm-blue-ram-l","status":"publish","type":"product","link":"https:\/\/cyklo-centrum.sk\/ccm\/?product=kellys-cliff-90-thunderstorm-blue-ram-l","title":{"rendered":"KELLYS CLIFF 90 Thunderstorm blue    r\u00e1m  M"},"content":{"rendered":"","protected":false},"excerpt":{"rendered":"<p>r\u00e1m KELLYS Crosslite<br \/>\nvidlica SR SUNTOUR NEX HLO DS, 63 mm, coil \/ Speed Lockout<br \/>\nk\u013euky SHIMANO TY501 (48x38x28T) &#8211; d\u013a\u017eka 170 mm (S), 175 mm (M &#8211; XL)<br \/>\nmeni\u010d SHIMANO Acera M3020-8 alebo Altus M370 (direct mount)<br \/>\npre\u0161myka\u010d SHIMANO TY601 (31.8 mm)<br \/>\nradenie SHIMANO SL-M315-8R Rapidfire Plus<br \/>\npo\u010det prevodov 24<br \/>\nkazetov\u00fd pastorok SHIMANO CS-HG200-8 (12-32T)<br \/>\nre\u0165az KMC Z8 (114 \u010dl\u00e1nkov)<br \/>\nbrzdy TEKTRO Hydraulic Disc<br \/>\nbrzdov\u00e9 p\u00e1ky TEKTRO<br \/>\nbrzdov\u00e9 kot\u00fa\u010de predn\u00fd 160 mm \/ zadn\u00fd 160 mm<br \/>\nn\u00e1boje KLS Firework Disc (32 dier)<br \/>\nr\u00e1fiky KLS Draft 23 Disc 622&#215;23 (32 dier)<br \/>\nv\u00fdplet stainless steel<br \/>\npl\u00e1\u0161te INNOVA 44-622 (700x42C)<br \/>\nhlavov\u00e9 zlo\u017eenie semi-integrated<br \/>\nstred.zlo\u017eenie cartridge (122 mm)<br \/>\npredstavec nastavite\u013en\u00fd KLS CRX 70 &#8211; diam 28.6 mm \/ bar bore 31.8 mm \/ d\u013a\u017eka 95 mm (S &#8211; L), 110 mm (XL)<br \/>\nriadidl\u00e1 KLS CRX 70 RiseBar &#8211; diam 31.8 mm \/ rise 25 mm \/ \u0161\u00edrka 640 mm (S &#8211; M), 660 mm (L &#8211; XL)<br \/>\nrukov\u00e4te KLS Token 2Density<br \/>\nsedlovka KALLOY &#8211; diam 27.2 mm \/ d\u013a\u017eka 350 mm<br \/>\nsedlo KLS CrossLine<br \/>\nped\u00e1le alloy<br \/>\nve\u013ekos\u0165 r\u00e1mu S \/ M \/ L \/ XL<\/p>\n","protected":false},"featured_media":2251,"comment_status":"closed","ping_status":"closed","template":"","meta":[],"product_brand":[],"product_cat":[12],"product_tag":[8],"class_list":{"0":"post-2250","1":"product","2":"type-product","3":"status-publish","4":"has-post-thumbnail","6":"product_cat-cross-bicykle","7":"product_tag-kellys","9":"first","10":"instock","11":"taxable","12":"shipping-taxable","13":"purchasable","14":"product-type-simple"},"jetpack_sharing_enabled":true,"jetpack-related-posts":[],"_links":{"self":[{"href":"https:\/\/cyklo-centrum.sk\/ccm\/index.php?rest_route=\/wp\/v2\/product\/2250","targetHints":{"allow":["GET"]}}],"collection":[{"href":"https:\/\/cyklo-centrum.sk\/ccm\/index.php?rest_route=\/wp\/v2\/product"}],"about":[{"href":"https:\/\/cyklo-centrum.sk\/ccm\/index.php?rest_route=\/wp\/v2\/types\/product"}],"replies":[{"embeddable":true,"href":"https:\/\/cyklo-centrum.sk\/ccm\/index.php?rest_route=%2Fwp%2Fv2%2Fcomments&post=2250"}],"wp:featuredmedia":[{"embeddable":true,"href":"https:\/\/cyklo-centrum.sk\/ccm\/index.php?rest_route=\/wp\/v2\/media\/2251"}],"wp:attachment":[{"href":"https:\/\/cyklo-centrum.sk\/ccm\/index.php?rest_route=%2Fwp%2Fv2%2Fmedia&parent=2250"}],"wp:term":[{"taxonomy":"product_brand","embeddable":true,"href":"https:\/\/cyklo-centrum.sk\/ccm\/index.php?rest_route=%2Fwp%2Fv2%2Fproduct_brand&post=2250"},{"taxonomy":"product_cat","embeddable":true,"href":"https:\/\/cyklo-centrum.sk\/ccm\/index.php?rest_route=%2Fwp%2Fv2%2Fproduct_cat&post=2250"},{"taxonomy":"product_tag","embeddable":true,"href":"https:\/\/cyklo-centrum.sk\/ccm\/index.php?rest_route=%2Fwp%2Fv2%2Fproduct_tag&post=2250"}],"curies":[{"name":"wp","href":"https:\/\/api.w.org\/{rel}","templated":true}]}}