{"id":2268,"date":"2025-09-19T13:17:07","date_gmt":"2025-09-19T12:17:07","guid":{"rendered":"https:\/\/cyklo-centrum.sk\/ccm\/?post_type=product&#038;p=2268"},"modified":"2025-10-03T10:29:44","modified_gmt":"2025-10-03T09:29:44","slug":"lectron-brinke-comfort-ram-17-175ah-630wh","status":"publish","type":"product","link":"https:\/\/cyklo-centrum.sk\/ccm\/?product=lectron-brinke-comfort-ram-17-175ah-630wh","title":{"rendered":"trekking LECTRON BRINKE Comfort  r\u00e1m 17&#8243;  17,5Ah\/630Wh"},"content":{"rendered":"","protected":false},"excerpt":{"rendered":"<p>Horsk\u00fd elektrobicykel 29\u201d so stredov\u00fdm pohonom Bafang M400 a bat\u00e9riou 17,5 Ah. Komfortn\u00fd r\u00e1m so zn\u00ed\u017eenou hornou r\u00farkou a SUV cestovnou v\u00fdbavou.<br \/>\nMotor \tBafang M400 Max Drive 250 W\/ max. 600W<br \/>\nBat\u00e9rie<br \/>\nLi-ion 36 V 17,5 Ah (630 Wh)<br \/>\nOvl\u00e1danie \tDigit\u00e1lny LCD panel (5 \u00farovn\u00ed asistencie + re\u017eim ch\u00f4dze)<br \/>\nR\u00e1fky \t29\u201c s dvojitou stenou<br \/>\nPl\u00e1\u0161te \t2,2\/2,4 x 29\u201c<br \/>\nR\u00e1m<br \/>\n17\u201d + 19\u201c slitina Alu 6061<br \/>\nVidlice \tRST Blaze s hydraulick\u00fdm tlmen\u00edm<br \/>\nPosunova\u010d \tShimano Altus 9 r\u00fdchlost\u00ed<br \/>\nBrzdy \tKot\u00fa\u010d, hydraulick\u00fd \u2013 Tektro HD-M285<br \/>\nVybavenie SUV \tSvetl\u00e1, nosi\u010d, blatn\u00edky, stojan, zvon\u010dek<\/p>\n","protected":false},"featured_media":2269,"comment_status":"closed","ping_status":"closed","template":"","meta":[],"product_brand":[],"product_cat":[19],"product_tag":[21],"class_list":{"0":"post-2268","1":"product","2":"type-product","3":"status-publish","4":"has-post-thumbnail","6":"product_cat-elektrobicykle","7":"product_tag-lectron","9":"first","10":"instock","11":"sale","12":"taxable","13":"shipping-taxable","14":"purchasable","15":"product-type-simple"},"jetpack_sharing_enabled":true,"jetpack-related-posts":[],"_links":{"self":[{"href":"https:\/\/cyklo-centrum.sk\/ccm\/index.php?rest_route=\/wp\/v2\/product\/2268","targetHints":{"allow":["GET"]}}],"collection":[{"href":"https:\/\/cyklo-centrum.sk\/ccm\/index.php?rest_route=\/wp\/v2\/product"}],"about":[{"href":"https:\/\/cyklo-centrum.sk\/ccm\/index.php?rest_route=\/wp\/v2\/types\/product"}],"replies":[{"embeddable":true,"href":"https:\/\/cyklo-centrum.sk\/ccm\/index.php?rest_route=%2Fwp%2Fv2%2Fcomments&post=2268"}],"wp:featuredmedia":[{"embeddable":true,"href":"https:\/\/cyklo-centrum.sk\/ccm\/index.php?rest_route=\/wp\/v2\/media\/2269"}],"wp:attachment":[{"href":"https:\/\/cyklo-centrum.sk\/ccm\/index.php?rest_route=%2Fwp%2Fv2%2Fmedia&parent=2268"}],"wp:term":[{"taxonomy":"product_brand","embeddable":true,"href":"https:\/\/cyklo-centrum.sk\/ccm\/index.php?rest_route=%2Fwp%2Fv2%2Fproduct_brand&post=2268"},{"taxonomy":"product_cat","embeddable":true,"href":"https:\/\/cyklo-centrum.sk\/ccm\/index.php?rest_route=%2Fwp%2Fv2%2Fproduct_cat&post=2268"},{"taxonomy":"product_tag","embeddable":true,"href":"https:\/\/cyklo-centrum.sk\/ccm\/index.php?rest_route=%2Fwp%2Fv2%2Fproduct_tag&post=2268"}],"curies":[{"name":"wp","href":"https:\/\/api.w.org\/{rel}","templated":true}]}}