{"id":2284,"date":"2025-11-12T15:00:35","date_gmt":"2025-11-12T14:00:35","guid":{"rendered":"https:\/\/cyklo-centrum.sk\/ccm\/?post_type=product&#038;p=2284"},"modified":"2025-11-13T10:32:48","modified_gmt":"2025-11-13T09:32:48","slug":"20-kenzel-camping-ceremony-1spd-skladacka","status":"publish","type":"product","link":"https:\/\/cyklo-centrum.sk\/ccm\/?product=20-kenzel-camping-ceremony-1spd-skladacka","title":{"rendered":"20&#8243; KENZEL Camping Ceremony 1spd skladacka"},"content":{"rendered":"","protected":false},"excerpt":{"rendered":"<p>R\u00c1M Kenzel Hi-ten<br \/>\nVE\u013dKOS\u0164 R\u00c1MU  \t40 cm<br \/>\nVE\u013dKOS\u0164 KOLIES  \t20\u201d<br \/>\nVIDLICA  \tKenzel Hi-ten<br \/>\nPREDN\u00dd N\u00c1BOJ  \tHi-ten<br \/>\nZADN\u00dd N\u00c1BOJ  \tHi-ten 1sped coaster brake<br \/>\nRE\u0164AZ  \tKMC S1<br \/>\nPREVODN\u00cdK S K\u013dUKAMI   \tAluminium 36T, 165mm<br \/>\nPED\u00c1LE \tPlastic<br \/>\nKAZETA  \t18T<br \/>\nBRZDY  \tfront V-brake; rear coaster brake<br \/>\nHLAV. ZLO\u017dENIE \tExternal cup, threadless 1\u2033<br \/>\nPREDSTAVEC \tRMK 22,2x300mm<br \/>\nRIADIDL\u00c1 \tRMK 22,2x640mm<br \/>\nSEDLOVKA \tRMK 35x300mm<br \/>\nSEDLO \tRMK<br \/>\nR\u00c1FIKY  \tRMK SOA Natur GBS<br \/>\nPL\u00c1\u0160TE \tCST Control Viva 20\u00d71,75<br \/>\nPREDN\u00c9 OSVETLENIE  \tRMK 1LED battery<br \/>\nZADN\u00c9 OSVETLENIE  \tRMK 1LED battery, carrier mount<br \/>\nBLATN\u00cdKY  \tRMK plastic<br \/>\nHMOTNOS\u0164  \t14,6 kg<\/p>\n","protected":false},"featured_media":2285,"comment_status":"closed","ping_status":"closed","template":"","meta":[],"product_brand":[],"product_cat":[24],"product_tag":[10],"class_list":{"0":"post-2284","1":"product","2":"type-product","3":"status-publish","4":"has-post-thumbnail","6":"product_cat-city-bicykle","7":"product_tag-kenzel","9":"first","10":"instock","11":"taxable","12":"shipping-taxable","13":"purchasable","14":"product-type-simple"},"jetpack_sharing_enabled":true,"jetpack-related-posts":[],"_links":{"self":[{"href":"https:\/\/cyklo-centrum.sk\/ccm\/index.php?rest_route=\/wp\/v2\/product\/2284","targetHints":{"allow":["GET"]}}],"collection":[{"href":"https:\/\/cyklo-centrum.sk\/ccm\/index.php?rest_route=\/wp\/v2\/product"}],"about":[{"href":"https:\/\/cyklo-centrum.sk\/ccm\/index.php?rest_route=\/wp\/v2\/types\/product"}],"replies":[{"embeddable":true,"href":"https:\/\/cyklo-centrum.sk\/ccm\/index.php?rest_route=%2Fwp%2Fv2%2Fcomments&post=2284"}],"wp:featuredmedia":[{"embeddable":true,"href":"https:\/\/cyklo-centrum.sk\/ccm\/index.php?rest_route=\/wp\/v2\/media\/2285"}],"wp:attachment":[{"href":"https:\/\/cyklo-centrum.sk\/ccm\/index.php?rest_route=%2Fwp%2Fv2%2Fmedia&parent=2284"}],"wp:term":[{"taxonomy":"product_brand","embeddable":true,"href":"https:\/\/cyklo-centrum.sk\/ccm\/index.php?rest_route=%2Fwp%2Fv2%2Fproduct_brand&post=2284"},{"taxonomy":"product_cat","embeddable":true,"href":"https:\/\/cyklo-centrum.sk\/ccm\/index.php?rest_route=%2Fwp%2Fv2%2Fproduct_cat&post=2284"},{"taxonomy":"product_tag","embeddable":true,"href":"https:\/\/cyklo-centrum.sk\/ccm\/index.php?rest_route=%2Fwp%2Fv2%2Fproduct_tag&post=2284"}],"curies":[{"name":"wp","href":"https:\/\/api.w.org\/{rel}","templated":true}]}}