{"id":2292,"date":"2025-11-13T11:01:50","date_gmt":"2025-11-13T10:01:50","guid":{"rendered":"https:\/\/cyklo-centrum.sk\/ccm\/?post_type=product&#038;p=2292"},"modified":"2025-11-13T11:04:19","modified_gmt":"2025-11-13T10:04:19","slug":"kellys-clea-30-rams","status":"publish","type":"product","link":"https:\/\/cyklo-centrum.sk\/ccm\/?product=kellys-clea-30-rams","title":{"rendered":"KELLYS CLEA 30   r\u00e1m(S)"},"content":{"rendered":"","protected":false},"excerpt":{"rendered":"<p>r\u00e1m KELLYS Crosslite Lady<br \/>\nvidlica SR SUNTOUR NEX HLO P, 63 mm, coil spring<br \/>\nk\u013euky SHIMANO TY301 (48x38x28T) &#8211; d\u013a\u017eka 170 mm (S), 175 mm (M)<br \/>\nmeni\u010d SHIMANO TX800 (direct mount)<br \/>\npre\u0161myka\u010d SHIMANO TY601 (31.8 mm)<br \/>\nradenie SHIMANO ST-EF500-8 EZ-fire Plus<br \/>\npo\u010det prevodov 24<br \/>\nkazetov\u00fd pastorok SHIMANO CS-HG200-8 (12-32T)<br \/>\nre\u0165az KMC Z8 (114 \u010dl\u00e1nkov)<br \/>\nbrzdy TEKTRO V-brake<br \/>\nbrzdov\u00e9 p\u00e1ky SHIMANO ST-EF500<br \/>\nn\u00e1boje alloy (32 dier)<br \/>\nr\u00e1fiky KLS Draft 622&#215;21 (32 dier \/ nitovan\u00e9)<br \/>\nv\u00fdplet steel<br \/>\npl\u00e1\u0161te INNOVA 44-622 (700x42C)<br \/>\nhlavov\u00e9 zlo\u017eenie semi-integrated<br \/>\nstred.zlo\u017eenie cartridge (122 mm)<br \/>\npredstavec KALLOY &#8211; diam 28.6 mm \/ bar bore 25.4 mm \/ 30\u00b0 \/ d\u013a\u017eka 90 mm<br \/>\nriadidl\u00e1 alloy RiseBar &#8211; diam 25.4 mm \/ \u0161\u00edrka 640 mm<br \/>\nrukov\u00e4te KLS Token 2Density<br \/>\nsedlovka KALLOY &#8211; diam 27.2 mm \/ d\u013a\u017eka 350 mm<br \/>\nsedlo KLS ComfortLine<br \/>\nped\u00e1le plast<br \/>\nve\u013ekos\u0165 r\u00e1mu S \/ M<\/p>\n","protected":false},"featured_media":2205,"comment_status":"closed","ping_status":"closed","template":"","meta":[],"product_brand":[],"product_cat":[43],"product_tag":[8],"class_list":{"0":"post-2292","1":"product","2":"type-product","3":"status-publish","4":"has-post-thumbnail","6":"product_cat-cross-damske-bicykle","7":"product_tag-kellys","9":"first","10":"instock","11":"sale","12":"taxable","13":"shipping-taxable","14":"purchasable","15":"product-type-simple"},"jetpack_sharing_enabled":true,"jetpack-related-posts":[],"_links":{"self":[{"href":"https:\/\/cyklo-centrum.sk\/ccm\/index.php?rest_route=\/wp\/v2\/product\/2292","targetHints":{"allow":["GET"]}}],"collection":[{"href":"https:\/\/cyklo-centrum.sk\/ccm\/index.php?rest_route=\/wp\/v2\/product"}],"about":[{"href":"https:\/\/cyklo-centrum.sk\/ccm\/index.php?rest_route=\/wp\/v2\/types\/product"}],"replies":[{"embeddable":true,"href":"https:\/\/cyklo-centrum.sk\/ccm\/index.php?rest_route=%2Fwp%2Fv2%2Fcomments&post=2292"}],"wp:featuredmedia":[{"embeddable":true,"href":"https:\/\/cyklo-centrum.sk\/ccm\/index.php?rest_route=\/wp\/v2\/media\/2205"}],"wp:attachment":[{"href":"https:\/\/cyklo-centrum.sk\/ccm\/index.php?rest_route=%2Fwp%2Fv2%2Fmedia&parent=2292"}],"wp:term":[{"taxonomy":"product_brand","embeddable":true,"href":"https:\/\/cyklo-centrum.sk\/ccm\/index.php?rest_route=%2Fwp%2Fv2%2Fproduct_brand&post=2292"},{"taxonomy":"product_cat","embeddable":true,"href":"https:\/\/cyklo-centrum.sk\/ccm\/index.php?rest_route=%2Fwp%2Fv2%2Fproduct_cat&post=2292"},{"taxonomy":"product_tag","embeddable":true,"href":"https:\/\/cyklo-centrum.sk\/ccm\/index.php?rest_route=%2Fwp%2Fv2%2Fproduct_tag&post=2292"}],"curies":[{"name":"wp","href":"https:\/\/api.w.org\/{rel}","templated":true}]}}