{"id":2298,"date":"2025-11-14T14:52:12","date_gmt":"2025-11-14T13:52:12","guid":{"rendered":"https:\/\/cyklo-centrum.sk\/ccm\/?post_type=product&#038;p=2298"},"modified":"2025-11-14T14:54:57","modified_gmt":"2025-11-14T13:54:57","slug":"kellys-vanity-x50-ram-m","status":"publish","type":"product","link":"https:\/\/cyklo-centrum.sk\/ccm\/?product=kellys-vanity-x50-ram-m","title":{"rendered":"KELLYS VANITY X50   r\u00e1m M"},"content":{"rendered":"","protected":false},"excerpt":{"rendered":"<p>r\u00e1m KELLYS KLC 27.5&#8243; &#8211; Lady Sport Geometry, 1.5&#8243; tapered HT<br \/>\nvidlica SR SUNTOUR XCM32 NLO DS (27.5&#8243;), 100 mm, coil \/ Speed Lockout<br \/>\nk\u013euky PROWHEEL (32T) &#8211; d\u013a\u017eka 170 mm (S &#8211; M)<br \/>\nmeni\u010d SHIMANO Essa U2000 (direct mount)<br \/>\nradenie SHIMANO SL-M315-8R Rapidfire Plus<br \/>\npo\u010det prevodov 8<br \/>\nkazetov\u00fd pastorok SHIMANO CS-HG400-8 (11-45T)<br \/>\nre\u0165az KMC Z8<br \/>\nbrzdy SHIMANO MT200 Hydraulic Disc<br \/>\nbrzdov\u00e9 p\u00e1ky SHIMANO BL-MT200<br \/>\nbrzdov\u00e9 kot\u00fa\u010de predn\u00fd 160 mm \/ zadn\u00fd 160 mm<br \/>\nn\u00e1boje SHIMANO QC300 Disc Center Lock (32 dier)<br \/>\nr\u00e1fiky KLS Draft 23 Disc 584&#215;23 (32 dier)<br \/>\nv\u00fdplet steel<br \/>\npl\u00e1\u0161te WTB Ranger Comp 55-584 (27.5&#8243;x2.25)<br \/>\nhlavov\u00e9 zlo\u017eenie 1.5&#8243; semi-integrated<br \/>\nstred.zlo\u017eenie cartridge (122 mm)<br \/>\npredstavec KLS Active &#8211; diam 28.6 mm \/ bar bore 31.8 mm \/ 8\u00b0 \/ d\u013a\u017eka 60 mm (S &#8211; M)<br \/>\nriadidl\u00e1 KLS Active RiseBar &#8211; diam 31.8 mm \/ rise 18 mm \/ \u0161\u00edrka 660 mm (S), 720 mm (M)<br \/>\nrukov\u00e4te KLS Advancer<br \/>\nsedlovka KLS Active &#8211; diam 30.9 mm \/ d\u013a\u017eka 350 mm (S), 400 mm (M)<br \/>\nsedlo KLS Ebony<br \/>\nped\u00e1le plast<br \/>\nve\u013ekos\u0165 r\u00e1mu S \/ M<\/p>\n","protected":false},"featured_media":2299,"comment_status":"closed","ping_status":"closed","template":"","meta":[],"product_brand":[],"product_cat":[39,20],"product_tag":[8],"class_list":{"0":"post-2298","1":"product","2":"type-product","3":"status-publish","4":"has-post-thumbnail","6":"product_cat-39","7":"product_cat-damske-horske-bicykle","8":"product_tag-kellys","10":"first","11":"instock","12":"sale","13":"taxable","14":"shipping-taxable","15":"purchasable","16":"product-type-simple"},"jetpack_sharing_enabled":true,"jetpack-related-posts":[],"_links":{"self":[{"href":"https:\/\/cyklo-centrum.sk\/ccm\/index.php?rest_route=\/wp\/v2\/product\/2298","targetHints":{"allow":["GET"]}}],"collection":[{"href":"https:\/\/cyklo-centrum.sk\/ccm\/index.php?rest_route=\/wp\/v2\/product"}],"about":[{"href":"https:\/\/cyklo-centrum.sk\/ccm\/index.php?rest_route=\/wp\/v2\/types\/product"}],"replies":[{"embeddable":true,"href":"https:\/\/cyklo-centrum.sk\/ccm\/index.php?rest_route=%2Fwp%2Fv2%2Fcomments&post=2298"}],"wp:featuredmedia":[{"embeddable":true,"href":"https:\/\/cyklo-centrum.sk\/ccm\/index.php?rest_route=\/wp\/v2\/media\/2299"}],"wp:attachment":[{"href":"https:\/\/cyklo-centrum.sk\/ccm\/index.php?rest_route=%2Fwp%2Fv2%2Fmedia&parent=2298"}],"wp:term":[{"taxonomy":"product_brand","embeddable":true,"href":"https:\/\/cyklo-centrum.sk\/ccm\/index.php?rest_route=%2Fwp%2Fv2%2Fproduct_brand&post=2298"},{"taxonomy":"product_cat","embeddable":true,"href":"https:\/\/cyklo-centrum.sk\/ccm\/index.php?rest_route=%2Fwp%2Fv2%2Fproduct_cat&post=2298"},{"taxonomy":"product_tag","embeddable":true,"href":"https:\/\/cyklo-centrum.sk\/ccm\/index.php?rest_route=%2Fwp%2Fv2%2Fproduct_tag&post=2298"}],"curies":[{"name":"wp","href":"https:\/\/api.w.org\/{rel}","templated":true}]}}