{"id":2308,"date":"2025-11-15T10:30:06","date_gmt":"2025-11-15T09:30:06","guid":{"rendered":"https:\/\/cyklo-centrum.sk\/ccm\/?post_type=product&#038;p=2308"},"modified":"2025-11-18T10:10:42","modified_gmt":"2025-11-18T09:10:42","slug":"24kellys-kitter-50-2","status":"publish","type":"product","link":"https:\/\/cyklo-centrum.sk\/ccm\/?product=24kellys-kitter-50-2","title":{"rendered":"24&#8243;KELLYS KITTER 50"},"content":{"rendered":"","protected":false},"excerpt":{"rendered":"<p>r\u00e1m KELLYS Aluminium alloy Junior 24&#8243;<br \/>\nvidlica SR SUNTOUR M3010 P (24&#8243;), 50 mm, coil spring<br \/>\nk\u013euky PROWHEEL (32T) &#8211; d\u013a\u017eka 152 mm<br \/>\nmeni\u010d SHIMANO TX800 (direct mount)<br \/>\nradenie SHIMANO SL-RV400-8R REVOSHIFT<br \/>\npo\u010det prevodov 8<br \/>\nkazetov\u00fd pastorok SUNRACE M55-8 (11-34T)<br \/>\nre\u0165az KMC Z8<br \/>\nbrzdy TEKTRO V-brake<br \/>\nbrzdov\u00e9 p\u00e1ky APSE<br \/>\nn\u00e1boje alloy (24 dier)<br \/>\nr\u00e1fiky KLS 507&#215;19 (24 dier)<br \/>\nv\u00fdplet steel black<br \/>\npl\u00e1\u0161te RUBENA Winner 50-507 (24&#8243;x1.95)<br \/>\nhlavov\u00e9 zlo\u017eenie threadless a-head<br \/>\nstred.zlo\u017eenie cartridge (126 mm)<br \/>\npredstavec KALLOY &#8211; diam 28.6 mm \/ d\u013a\u017eka 60 mm<br \/>\nriadidl\u00e1 steel RiseBar &#8211; diam 25.4 mm \/ \u0161\u00edrka 580 mm<br \/>\nrukov\u00e4te kraton 2Density<br \/>\nsedlovka KALLOY &#8211; diam 27.2 mm \/ d\u013a\u017eka 300 mm<br \/>\nsedlo KLS Junior<br \/>\nped\u00e1le plast<br \/>\nve\u013ekos\u0165 r\u00e1mu 279 mm<\/p>\n","protected":false},"featured_media":2309,"comment_status":"closed","ping_status":"closed","template":"","meta":[],"product_brand":[],"product_cat":[37,15],"product_tag":[8],"class_list":{"0":"post-2308","1":"product","2":"type-product","3":"status-publish","4":"has-post-thumbnail","6":"product_cat-37","7":"product_cat-detske-bicykle","8":"product_tag-kellys","10":"first","11":"instock","12":"sale","13":"taxable","14":"shipping-taxable","15":"purchasable","16":"product-type-simple"},"jetpack_sharing_enabled":true,"jetpack-related-posts":[],"_links":{"self":[{"href":"https:\/\/cyklo-centrum.sk\/ccm\/index.php?rest_route=\/wp\/v2\/product\/2308","targetHints":{"allow":["GET"]}}],"collection":[{"href":"https:\/\/cyklo-centrum.sk\/ccm\/index.php?rest_route=\/wp\/v2\/product"}],"about":[{"href":"https:\/\/cyklo-centrum.sk\/ccm\/index.php?rest_route=\/wp\/v2\/types\/product"}],"replies":[{"embeddable":true,"href":"https:\/\/cyklo-centrum.sk\/ccm\/index.php?rest_route=%2Fwp%2Fv2%2Fcomments&post=2308"}],"wp:featuredmedia":[{"embeddable":true,"href":"https:\/\/cyklo-centrum.sk\/ccm\/index.php?rest_route=\/wp\/v2\/media\/2309"}],"wp:attachment":[{"href":"https:\/\/cyklo-centrum.sk\/ccm\/index.php?rest_route=%2Fwp%2Fv2%2Fmedia&parent=2308"}],"wp:term":[{"taxonomy":"product_brand","embeddable":true,"href":"https:\/\/cyklo-centrum.sk\/ccm\/index.php?rest_route=%2Fwp%2Fv2%2Fproduct_brand&post=2308"},{"taxonomy":"product_cat","embeddable":true,"href":"https:\/\/cyklo-centrum.sk\/ccm\/index.php?rest_route=%2Fwp%2Fv2%2Fproduct_cat&post=2308"},{"taxonomy":"product_tag","embeddable":true,"href":"https:\/\/cyklo-centrum.sk\/ccm\/index.php?rest_route=%2Fwp%2Fv2%2Fproduct_tag&post=2308"}],"curies":[{"name":"wp","href":"https:\/\/api.w.org\/{rel}","templated":true}]}}