{"id":2310,"date":"2025-11-20T14:39:38","date_gmt":"2025-11-20T13:39:38","guid":{"rendered":"https:\/\/cyklo-centrum.sk\/ccm\/?post_type=product&#038;p=2310"},"modified":"2026-02-03T14:24:46","modified_gmt":"2026-02-03T13:24:46","slug":"lectron-citana-r-26-13ah","status":"publish","type":"product","link":"https:\/\/cyklo-centrum.sk\/ccm\/?product=lectron-citana-r-26-13ah","title":{"rendered":"city LECTRON CITANA R 26    13Ah"},"content":{"rendered":"","protected":false},"excerpt":{"rendered":"<p>Citana R je elegantn\u00fdm elektrobicyklom s n\u00edzkym n\u00e1stupom a bat\u00e9riou plne integrovanou v r\u00e1me.<\/p>\n<p>Elegantn\u00fd elektrobicykel pre pr\u00edmestsk\u00fa turistiku zaujme nielen bat\u00e9riou skvele integrovanou v r\u00e1me, ale aj n\u00edzkym n\u00e1stupom a jednoduchou ovl\u00e1date\u013enos\u0165ou. O komfort jazdy sa star\u00e1 v\u00fdkonn\u00fd motor v zadnom n\u00e1boji a bat\u00e9ria, ktor\u00e1 v preveden\u00ed 17,5Ah poskytne nad\u0161tandardn\u00fd dojazd bez nutnosti \u010dast\u00e9ho nab\u00edjania. V\u010faka zna\u010dkov\u00fdm \u010dl\u00e1nkom Samsung m\u00e1 bat\u00e9ria dlh\u00fa \u017eivotnos\u0165 a frekven\u010dn\u00e9 senzory umo\u017e\u0148uj\u00fa vyu\u017ei\u0165 pomoc motora u\u017e pri \u013eahkom \u0161liapan\u00ed. Dojazd a\u017e 150 km na jedno nabitie poskytuje skvel\u00fa rezervu v kopcovitom ter\u00e9ne aj v meste (\u010dast\u00e9 rozbiehanie), kde re\u00e1lny dojazd be\u017en\u00fdch elektrobicyklov zna\u010dne kles\u00e1.<\/p>\n<p>Nov\u00e1 bat\u00e9ria je opatren\u00e1 vstupom pre nab\u00edjanie v bicykli alebo mimo neho. Zosilnen\u00e1 stavba r\u00e1mu poskytuje \u017eiaducu tuhos\u0165 a istotu pri jazde. Citana R je vybaven\u00e1 hydraulick\u00fdmi brzdami Tektro, ktor\u00e9 nevy\u017eaduj\u00fa \u017eiadnu zlo\u017eit\u00fa \u00fadr\u017ebu. Univerz\u00e1lne pl\u00e1\u0161te poskytuj\u00fa istotu pri jazde po ceste aj po pra\u0161n\u00fdch cest\u00e1ch. O jazdn\u00e9 pohodlie sa star\u00e1 aj pohodln\u00e9 sedlo a odpru\u017een\u00e1 predn\u00e1 vidlica Zoom.<\/p>\n<p>Elegantn\u00fd tmav\u00fd r\u00e1m s n\u00edzkym n\u00e1stupom je rafinovane kombinovan\u00fd s decentn\u00fdm dizajnom a samozrejmou kvalitnou povrchovou \u00fapravou. Elektrobicykel je plne vybaven\u00fd pre jazdu za ka\u017ed\u00e9ho po\u010dasia vr\u00e1tane svetiel, blatn\u00edkov a praktick\u00e9ho nosi\u010da.<\/p>\n<p>Lectron Citana R je elektrobicykel s integrovanou bat\u00e9riou, n\u00edzkym n\u00e1stupom a v\u00fdbornou ovl\u00e1date\u013enos\u0165ou.<\/p>\n<p>Tabu\u013eka technick\u00fdch parametrov elektrobicykla:<br \/>\nMotor \t Odleh\u010den\u00fd elektromotor 8FUN 250 W \/ max. 500 W \u2013 v zadn\u00edm n\u00e1boji<br \/>\nBaterie \tLi-ion Samsung 36 V \u2013 17,5 Ah (630 Wh) \/ 13 Ah (468 Wh)<br \/>\nDojezd \ta\u017e 150 km \/ 110 km (z\u00e1vis\u00ed na stupni asistence)<br \/>\nOvl\u00e1d\u00e1n\u00ed \tLCD digit\u00e1ln\u00ed panel (7 stup\u0148\u016f asistence + walk re\u017eim)<br \/>\nR\u00e1fky \t26\u201d dvoust\u011bnn\u00e9<br \/>\nPl\u00e1\u0161t\u011b \t26 x 1,75\u2033 Kenda<br \/>\nR\u00e1m kola \t16,5\u201d \u2013 slitina Alu 6061<br \/>\nVidlice \tOdpru\u017een\u00e1 Zoom<br \/>\nP\u0159ehazova\u010dka \t1 x 7 microSHIFT<br \/>\nBrzdy \tKotou\u010dov\u00e9, hydraulick\u00e9 \u2013 Tektro HD-M285<\/p>\n","protected":false},"featured_media":2311,"comment_status":"closed","ping_status":"closed","template":"","meta":[],"product_brand":[],"product_cat":[19],"product_tag":[21],"class_list":{"0":"post-2310","1":"product","2":"type-product","3":"status-publish","4":"has-post-thumbnail","6":"product_cat-elektrobicykle","7":"product_tag-lectron","9":"first","10":"instock","11":"sale","12":"taxable","13":"shipping-taxable","14":"purchasable","15":"product-type-simple"},"jetpack_sharing_enabled":true,"jetpack-related-posts":[],"_links":{"self":[{"href":"https:\/\/cyklo-centrum.sk\/ccm\/index.php?rest_route=\/wp\/v2\/product\/2310","targetHints":{"allow":["GET"]}}],"collection":[{"href":"https:\/\/cyklo-centrum.sk\/ccm\/index.php?rest_route=\/wp\/v2\/product"}],"about":[{"href":"https:\/\/cyklo-centrum.sk\/ccm\/index.php?rest_route=\/wp\/v2\/types\/product"}],"replies":[{"embeddable":true,"href":"https:\/\/cyklo-centrum.sk\/ccm\/index.php?rest_route=%2Fwp%2Fv2%2Fcomments&post=2310"}],"wp:featuredmedia":[{"embeddable":true,"href":"https:\/\/cyklo-centrum.sk\/ccm\/index.php?rest_route=\/wp\/v2\/media\/2311"}],"wp:attachment":[{"href":"https:\/\/cyklo-centrum.sk\/ccm\/index.php?rest_route=%2Fwp%2Fv2%2Fmedia&parent=2310"}],"wp:term":[{"taxonomy":"product_brand","embeddable":true,"href":"https:\/\/cyklo-centrum.sk\/ccm\/index.php?rest_route=%2Fwp%2Fv2%2Fproduct_brand&post=2310"},{"taxonomy":"product_cat","embeddable":true,"href":"https:\/\/cyklo-centrum.sk\/ccm\/index.php?rest_route=%2Fwp%2Fv2%2Fproduct_cat&post=2310"},{"taxonomy":"product_tag","embeddable":true,"href":"https:\/\/cyklo-centrum.sk\/ccm\/index.php?rest_route=%2Fwp%2Fv2%2Fproduct_tag&post=2310"}],"curies":[{"name":"wp","href":"https:\/\/api.w.org\/{rel}","templated":true}]}}