{"id":2315,"date":"2026-01-16T14:21:31","date_gmt":"2026-01-16T13:21:31","guid":{"rendered":"https:\/\/cyklo-centrum.sk\/ccm\/?post_type=product&#038;p=2315"},"modified":"2026-01-16T14:27:09","modified_gmt":"2026-01-16T13:27:09","slug":"kellys-whip-10-dx-ram-m-26","status":"publish","type":"product","link":"https:\/\/cyklo-centrum.sk\/ccm\/?product=kellys-whip-10-dx-ram-m-26","title":{"rendered":"KELLYS WHIP 10 DX  r\u00e1m M 26&#8243;"},"content":{"rendered":"","protected":false},"excerpt":{"rendered":"<p>r\u00e1m KELLYS Dirt DX 26&#8243;, tapered HT, ISCG 05<br \/>\nvidlica SR SUNTOUR XCM DS (26&#8243;), 100 mm, coil spring<br \/>\nk\u013euky SAMOX (32T) &#8211; d\u013a\u017eka 170 mm<br \/>\nmeni\u010d microSHIFT Acolyte M5180<br \/>\npre\u0161myka\u010d chain guide MOZARTT Presto, ISCG 05<br \/>\nradenie microSHIFT Acolyte SL-M6180-R<br \/>\npo\u010det prevodov 8<br \/>\nkazetov\u00fd pastorok microSHIFT Mezzo CS-H081-8 (11-34T)<br \/>\nre\u0165az KMC Z8<br \/>\nbrzdy Mechanical Disc<br \/>\nbrzdov\u00e9 p\u00e1ky APSE<br \/>\nbrzdov\u00e9 kot\u00fa\u010de predn\u00fd 160 mm \/ zadn\u00fd 160 mm<br \/>\nn\u00e1boje KLS Firework Disc (32 dier)<br \/>\nr\u00e1fiky KLS Draft Disc 559&#215;21 (32 dier)<br \/>\nv\u00fdplet steel<br \/>\npl\u00e1\u0161te KENDA Small Block Eight 58-559 (26&#8243;x2.35)<br \/>\nhlavov\u00e9 zlo\u017eenie semi-integrated<br \/>\nstred.zlo\u017eenie cartridge (126.5 mm)<br \/>\npredstavec KLS CNC &#8211; diam 28.6 mm \/ bar bore 35 mm \/ d\u013a\u017eka 35 mm<br \/>\nriadidl\u00e1 KLS Active RiseBar &#8211; diam 31.8 mm \/ rise 18 mm \/ \u0161\u00edrka 760 mm<br \/>\nrukov\u00e4te kraton<br \/>\nsedlovka KLS Active &#8211; diam 30.9 mm \/ d\u013a\u017eka 300 mm<br \/>\nsedlo KLS Vader<br \/>\nped\u00e1le plastic platform<br \/>\nve\u013ekos\u0165 r\u00e1mu M \/ L<\/p>\n","protected":false},"featured_media":2316,"comment_status":"closed","ping_status":"closed","template":"","meta":[],"product_brand":[],"product_cat":[28,46,13,6],"product_tag":[8],"class_list":{"0":"post-2315","1":"product","2":"type-product","3":"status-publish","4":"has-post-thumbnail","6":"product_cat-28","7":"product_cat-26-detske-bicykle","8":"product_cat-frdirtbmx","9":"product_cat-horske_bicykle","10":"product_tag-kellys","12":"first","13":"instock","14":"sale","15":"taxable","16":"shipping-taxable","17":"purchasable","18":"product-type-simple"},"jetpack_sharing_enabled":true,"jetpack-related-posts":[],"_links":{"self":[{"href":"https:\/\/cyklo-centrum.sk\/ccm\/index.php?rest_route=\/wp\/v2\/product\/2315","targetHints":{"allow":["GET"]}}],"collection":[{"href":"https:\/\/cyklo-centrum.sk\/ccm\/index.php?rest_route=\/wp\/v2\/product"}],"about":[{"href":"https:\/\/cyklo-centrum.sk\/ccm\/index.php?rest_route=\/wp\/v2\/types\/product"}],"replies":[{"embeddable":true,"href":"https:\/\/cyklo-centrum.sk\/ccm\/index.php?rest_route=%2Fwp%2Fv2%2Fcomments&post=2315"}],"wp:featuredmedia":[{"embeddable":true,"href":"https:\/\/cyklo-centrum.sk\/ccm\/index.php?rest_route=\/wp\/v2\/media\/2316"}],"wp:attachment":[{"href":"https:\/\/cyklo-centrum.sk\/ccm\/index.php?rest_route=%2Fwp%2Fv2%2Fmedia&parent=2315"}],"wp:term":[{"taxonomy":"product_brand","embeddable":true,"href":"https:\/\/cyklo-centrum.sk\/ccm\/index.php?rest_route=%2Fwp%2Fv2%2Fproduct_brand&post=2315"},{"taxonomy":"product_cat","embeddable":true,"href":"https:\/\/cyklo-centrum.sk\/ccm\/index.php?rest_route=%2Fwp%2Fv2%2Fproduct_cat&post=2315"},{"taxonomy":"product_tag","embeddable":true,"href":"https:\/\/cyklo-centrum.sk\/ccm\/index.php?rest_route=%2Fwp%2Fv2%2Fproduct_tag&post=2315"}],"curies":[{"name":"wp","href":"https:\/\/api.w.org\/{rel}","templated":true}]}}