{"id":2318,"date":"2026-01-16T14:43:09","date_gmt":"2026-01-16T13:43:09","guid":{"rendered":"https:\/\/cyklo-centrum.sk\/ccm\/?post_type=product&#038;p=2318"},"modified":"2026-01-16T14:49:41","modified_gmt":"2026-01-16T13:49:41","slug":"kellys-spider-x40-ramxs-26","status":"publish","type":"product","link":"https:\/\/cyklo-centrum.sk\/ccm\/?product=kellys-spider-x40-ramxs-26","title":{"rendered":"KELLYS SPIDER X40  r\u00e1mXS 26&#8243;"},"content":{"rendered":"","protected":false},"excerpt":{"rendered":"<p>r\u00e1m KELLYS Alutec RRC 26&#8243; &#8211; Race Ready Concept, 1.5&#8243; tapered HT<br \/>\nvidlica SR SUNTOUR XCE28 DS (26&#8243;), 100 mm, coil spring<br \/>\nk\u013euky PROWHEEL (32T) &#8211; d\u013a\u017eka 165 mm (XXS &#8211; XS)<br \/>\nmeni\u010d microSHIFT Estes M220<br \/>\nradenie microSHIFT Estes TS200-8R<br \/>\npo\u010det prevodov 8<br \/>\nkazetov\u00fd pastorok microSHIFT M680-8 (11-42T)<br \/>\nre\u0165az KMC Z8<br \/>\nbrzdy SHIMANO MT200 Hydraulic Disc<br \/>\nbrzdov\u00e9 p\u00e1ky SHIMANO BL-MT200<br \/>\nbrzdov\u00e9 kot\u00fa\u010de predn\u00fd 160 mm \/ zadn\u00fd 160 mm<br \/>\nn\u00e1boje SHIMANO QC300 Disc Center Lock (32 dier)<br \/>\nr\u00e1fiky KLS Draft 23 Disc 559&#215;23 (32 dier)<br \/>\nv\u00fdplet steel<br \/>\npl\u00e1\u0161te WTB Nano Comp 52-559 (26&#8243;x2.10)<br \/>\nhlavov\u00e9 zlo\u017eenie 1.5&#8243; semi-integrated<br \/>\nstred.zlo\u017eenie cartridge (122 mm)<br \/>\npredstavec KLS Active &#8211; diam 28.6 mm \/ bar bore 31.8 mm \/ d\u013a\u017eka 60 mm (XXS &#8211; XS)<br \/>\nriadidl\u00e1 KLS Active RiseBar &#8211; diam 31.8 mm \/ rise 18 mm \/ \u0161\u00edrka 640 mm (XXS &#8211; XS)<br \/>\nrukov\u00e4te KLS Advancer<br \/>\nsedlovka KLS Active &#8211; diam 30.9 mm \/ d\u013a\u017eka 350 mm (XXS &#8211; XS)<br \/>\nsedlo KLS Ascend<br \/>\nped\u00e1le plast<br \/>\nve\u013ekos\u0165 r\u00e1mu XXS \/ XS<\/p>\n","protected":false},"featured_media":2319,"comment_status":"closed","ping_status":"closed","template":"","meta":[],"product_brand":[],"product_cat":[28,46,15,6],"product_tag":[8],"class_list":{"0":"post-2318","1":"product","2":"type-product","3":"status-publish","4":"has-post-thumbnail","6":"product_cat-28","7":"product_cat-26-detske-bicykle","8":"product_cat-detske-bicykle","9":"product_cat-horske_bicykle","10":"product_tag-kellys","12":"first","13":"instock","14":"sale","15":"taxable","16":"shipping-taxable","17":"purchasable","18":"product-type-simple"},"jetpack_sharing_enabled":true,"jetpack-related-posts":[],"_links":{"self":[{"href":"https:\/\/cyklo-centrum.sk\/ccm\/index.php?rest_route=\/wp\/v2\/product\/2318","targetHints":{"allow":["GET"]}}],"collection":[{"href":"https:\/\/cyklo-centrum.sk\/ccm\/index.php?rest_route=\/wp\/v2\/product"}],"about":[{"href":"https:\/\/cyklo-centrum.sk\/ccm\/index.php?rest_route=\/wp\/v2\/types\/product"}],"replies":[{"embeddable":true,"href":"https:\/\/cyklo-centrum.sk\/ccm\/index.php?rest_route=%2Fwp%2Fv2%2Fcomments&post=2318"}],"wp:featuredmedia":[{"embeddable":true,"href":"https:\/\/cyklo-centrum.sk\/ccm\/index.php?rest_route=\/wp\/v2\/media\/2319"}],"wp:attachment":[{"href":"https:\/\/cyklo-centrum.sk\/ccm\/index.php?rest_route=%2Fwp%2Fv2%2Fmedia&parent=2318"}],"wp:term":[{"taxonomy":"product_brand","embeddable":true,"href":"https:\/\/cyklo-centrum.sk\/ccm\/index.php?rest_route=%2Fwp%2Fv2%2Fproduct_brand&post=2318"},{"taxonomy":"product_cat","embeddable":true,"href":"https:\/\/cyklo-centrum.sk\/ccm\/index.php?rest_route=%2Fwp%2Fv2%2Fproduct_cat&post=2318"},{"taxonomy":"product_tag","embeddable":true,"href":"https:\/\/cyklo-centrum.sk\/ccm\/index.php?rest_route=%2Fwp%2Fv2%2Fproduct_tag&post=2318"}],"curies":[{"name":"wp","href":"https:\/\/api.w.org\/{rel}","templated":true}]}}