{"id":2322,"date":"2026-02-03T15:06:46","date_gmt":"2026-02-03T14:06:46","guid":{"rendered":"https:\/\/cyklo-centrum.sk\/ccm\/?post_type=product&#038;p=2322"},"modified":"2026-04-18T09:29:19","modified_gmt":"2026-04-18T08:29:19","slug":"lectron-taura-mzx-ram-17-20ah-720wh","status":"publish","type":"product","link":"https:\/\/cyklo-centrum.sk\/ccm\/?product=lectron-taura-mzx-ram-17-20ah-720wh","title":{"rendered":"MTB LECTRON TAURA MZX r\u00e1m 17&#8243; 20Ah\/720Wh"},"content":{"rendered":"","protected":false},"excerpt":{"rendered":"<p>Model Taura MZX predstavuje ide\u00e1lne spojenie elektrobicykla ur\u010den\u00e9ho pre \u0161portov\u00fa jazdu ter\u00e9nom s jednoduchos\u0165ou nastupovania a komfortom mestsk\u00e9ho bicykla. Nov\u00fd stredov\u00fd motor BAFANG M410  pon\u00faka oproti svojej star\u0161ej variante mo\u017enos\u0165 \u00fatlej\u0161ej integr\u00e1cie do r\u00e1mu, na ktor\u00fa nadv\u00e4zuje z jednej strany l\u00ednie spodnej r\u00e1movej r\u00farky s bat\u00e9riou a z druhej roz\u0161\u00edren\u00e1 sedlov\u00e1 r\u00farka s kontinu\u00e1lnym napojen\u00edm do priestoru motora.<\/p>\n<p>Na modeli je zvolen\u00e9 kvalitn\u00e9 mechanick\u00e9 osadenie pre doplnenie celkov\u00e9ho vnemu z jazdy. O prevody sa star\u00e1 sada Shimano Acera, \u010falej bezprobl\u00e9mov\u00e9 hydraulick\u00e9 brzdy Shimano MT201, odpru\u017een\u00e1 vidlica Suntour XCM s cestovn\u00fdm zdvihom 100 mm a mo\u017enos\u0165ou uzamknutia pru\u017eenia. <\/p>\n<p>Motor<br \/>\nStredov\u00fd BAFANG M410 250 W \/ max. 700 W, 80 Nm<br \/>\nBat\u00e9rie<br \/>\nLi-i\u00f3n Samsung 36 V \u2013 19,6 Ah (705 Wh)<br \/>\nDojazd<br \/>\nA\u017e 170 km (z\u00e1vis\u00ed od stup\u0148a asistencie, ter\u00e9nu a v\u00e1hy jazdca, ud\u00e1vame metrikou 4 Wh\/km)<br \/>\nOvl\u00e1danie<br \/>\nLCD digit\u00e1lny panel (5 stup\u0148ov asistencie + walk re\u017eim)<br \/>\nR\u00e1fiky<br \/>\n27,5\u201d dvojstenn\u00e9<br \/>\nPl\u00e1\u0161te\t27,5 x 2,1\u201d Kenda<br \/>\nR\u00e1m<br \/>\n17\u201d \u2013 zliatina Alu 6061<br \/>\nVidlica<br \/>\nOdpru\u017een\u00e1, uzamykate\u013en\u00e1 \u2013 SR Suntour XCM, zdvih 100 mm<br \/>\nPrehadzova\u010dka<br \/>\nShimano Acera &#8211; 8 r\u00fdchlost\u00ed<br \/>\nBrzdy<br \/>\nKot\u00fa\u010dov\u00e9, hydraulick\u00e9 \u2013 Shimano MT201<br \/>\n\u010eal\u0161ia v\u00fdbava<br \/>\nNosi\u010d, blatn\u00edky, stojan<\/p>\n","protected":false},"featured_media":2323,"comment_status":"closed","ping_status":"closed","template":"","meta":[],"product_brand":[],"product_cat":[19],"product_tag":[21],"class_list":{"0":"post-2322","1":"product","2":"type-product","3":"status-publish","4":"has-post-thumbnail","6":"product_cat-elektrobicykle","7":"product_tag-lectron","9":"first","10":"instock","11":"taxable","12":"shipping-taxable","13":"purchasable","14":"product-type-simple"},"jetpack_sharing_enabled":true,"jetpack-related-posts":[],"_links":{"self":[{"href":"https:\/\/cyklo-centrum.sk\/ccm\/index.php?rest_route=\/wp\/v2\/product\/2322","targetHints":{"allow":["GET"]}}],"collection":[{"href":"https:\/\/cyklo-centrum.sk\/ccm\/index.php?rest_route=\/wp\/v2\/product"}],"about":[{"href":"https:\/\/cyklo-centrum.sk\/ccm\/index.php?rest_route=\/wp\/v2\/types\/product"}],"replies":[{"embeddable":true,"href":"https:\/\/cyklo-centrum.sk\/ccm\/index.php?rest_route=%2Fwp%2Fv2%2Fcomments&post=2322"}],"wp:featuredmedia":[{"embeddable":true,"href":"https:\/\/cyklo-centrum.sk\/ccm\/index.php?rest_route=\/wp\/v2\/media\/2323"}],"wp:attachment":[{"href":"https:\/\/cyklo-centrum.sk\/ccm\/index.php?rest_route=%2Fwp%2Fv2%2Fmedia&parent=2322"}],"wp:term":[{"taxonomy":"product_brand","embeddable":true,"href":"https:\/\/cyklo-centrum.sk\/ccm\/index.php?rest_route=%2Fwp%2Fv2%2Fproduct_brand&post=2322"},{"taxonomy":"product_cat","embeddable":true,"href":"https:\/\/cyklo-centrum.sk\/ccm\/index.php?rest_route=%2Fwp%2Fv2%2Fproduct_cat&post=2322"},{"taxonomy":"product_tag","embeddable":true,"href":"https:\/\/cyklo-centrum.sk\/ccm\/index.php?rest_route=%2Fwp%2Fv2%2Fproduct_tag&post=2322"}],"curies":[{"name":"wp","href":"https:\/\/api.w.org\/{rel}","templated":true}]}}