{"id":2327,"date":"2026-02-14T10:51:19","date_gmt":"2026-02-14T09:51:19","guid":{"rendered":"https:\/\/cyklo-centrum.sk\/ccm\/?post_type=product&#038;p=2327"},"modified":"2026-02-14T10:52:56","modified_gmt":"2026-02-14T09:52:56","slug":"mtb-lectron-taura-px-ram-19-2226ah-800wh-motor-panasonic","status":"publish","type":"product","link":"https:\/\/cyklo-centrum.sk\/ccm\/?product=mtb-lectron-taura-px-ram-19-2226ah-800wh-motor-panasonic","title":{"rendered":"MTB LECTRON TAURA PX    r\u00e1m 19&#8243; 22,26Ah\/800Wh  motor PANASONIC"},"content":{"rendered":"","protected":false},"excerpt":{"rendered":"<p>Taura se stala synonymem pro spojen\u00ed u\u017eitn\u00fdch vlastnost\u00ed  horsk\u00e9ho kola s jednoduchost\u00ed nastupov\u00e1n\u00ed a komfortem, kter\u00fd byl dosud dostupn\u00fd jen u m\u011bstsk\u00fdch kol. Bezkonkuren\u010dn\u00ed f\u00faze p\u0159\u00edzniv\u00fdch vlastnost\u00ed stav\u00ed tento model do podoby SUV elektrokola pro ka\u017edodenn\u00ed vyu\u017eit\u00ed i cykloturistiku i po nezpevn\u011bn\u00fdch cest\u00e1ch.<\/p>\n<p>Srdcem nov\u00e9 \u0159ady PX je  v\u00fdkonn\u00fd  motor Panasonic GX Power plus, s origin\u00e1ln\u00edm softwarov\u00fdm nastaven\u00edm, kter\u00fd v mnoha parametrech p\u0159evy\u0161uje jin\u00e9 motorizace. Perfektn\u011b odstup\u0148ovan\u00e1 asistence s mo\u017enost\u00ed automatick\u00e9 regulace i vyu\u017eit\u00ed maxim\u00e1ln\u00edho v\u00fdkonu motoru tak p\u0159in\u00e1\u0161\u00ed skv\u011bl\u00fd z\u00e1\u017eitek ve v\u0161ech j\u00edzdn\u00edch re\u017eimech i prudk\u00fdch stoup\u00e1n\u00edch.<\/p>\n<p>O p\u0159enos v\u00fdkonu se star\u00e1 p\u0159ehazova\u010dka Shimano s 9 rychlostmi  a kazetou s rozsahem 11-32 zub\u016f.  Optim\u00e1ln\u00ed rozsah pokr\u00fdv\u00e1 b\u011b\u017en\u00e9 j\u00edzdn\u00ed re\u017eimy a poskytuje  komfortn\u00ed j\u00edzdu s pomalej\u0161\u00ed kadenc\u00ed \u0161lap\u00e1n\u00ed i ve vy\u0161\u0161\u00edch rychlostech.  Osv\u011bd\u010den\u00fd dev\u00edtirychlostn\u00ed syst\u00e9m Shimano p\u0159esn\u011b \u0159ad\u00ed a m\u00e1 malou servisn\u00ed n\u00e1ro\u010dnost.<\/p>\n<p> Taura je ide\u00e1ln\u00edm spole\u010dn\u00edkem pro v\u0161echny typy v\u00fdlet\u016f nejen po silnic\u00edch, ale i nezpevn\u011bn\u00fdch cest\u00e1ch, poln\u00edch i lesn\u00edch stezk\u00e1ch, kde u\u017e je sp\u00ed\u0161e vhodn\u00e9 horsk\u00e9 kolo.  V\u0161em generac\u00edm jezdc\u016f p\u0159itom poskytne trumfy v podob\u011b maxim\u00e1ln\u00edho komfortu, snadn\u00e9ho nastupov\u00e1n\u00ed i sesed\u00e1n\u00ed a perfektn\u00ed ovladatelnosti, kter\u00fd by na\u0161li jen na m\u011bstsk\u00fdch kolech, ov\u0161em velmi obt\u00ed\u017en\u011b pou\u017eiteln\u00fdch mimo silnice. Extr\u00e9mn\u011b n\u00edzk\u00e1 n\u00e1stupn\u00ed v\u00fd\u0161ka, umo\u017e\u0148uje p\u0159ehodit nohu hned nad motorem vnit\u0159kem r\u00e1mu a je tak nenahraditeln\u00e1 i p\u0159i pohybov\u00fdch omezen\u00edch  nebo rekonvalescenci.<\/p>\n<p>J\u00edzdn\u00ed komfort a skv\u011bl\u00e1 ovladatelnost je podtr\u017eena u\u017eit\u00edm osv\u011bd\u010den\u00e9 p\u0159edn\u00ed vidlice SR Suntour XCM se zdvihem 100mm a z\u00e1mkem.  P\u0159\u00edjemn\u00fd brzdn\u00fd \u00fa\u010dinek a hladk\u00fd chod zaji\u0161\u0165uje brzdov\u00fd syst\u00e9m Shimano  MT201 zn\u00e1m\u00fd nejen svoj\u00ed \u00fa\u010dinnost\u00ed, ale tak\u00e9  nen\u00e1ro\u010dnost\u00ed na \u00fadr\u017ebu. Lehk\u00fd a pevn\u00fd r\u00e1m  poskytuje snadnou mo\u017enost demont\u00e1\u017ee kol d\u00edky rychloup\u00ednac\u00edmu syst\u00e9mu.  Z\u00e1rukou dlouh\u00e9 \u017eivotnosti jsou tak\u00e9 precizn\u011b zpracovan\u00e9 kliky a \u0159et\u011bzov\u00e9 kolo od premiov\u00e9 zna\u010dky Samox.<\/p>\n<p>Pl\u00e1\u0161t\u011b Maxxis Crossmark  27,5 x 2,25\u2033 maj\u00ed optimalizovan\u00fd dez\u00e9n tak, aby poskytovaly skv\u011blou trakci na nezpevn\u011bn\u00e9m povrchu, ale d\u00edky jemn\u011bj\u0161\u00edmu vzorku i komfortn\u00ed j\u00edzdu po silnici a jistotu p\u0159i pr\u016fjezdu zat\u00e1\u010dkou.<\/p>\n<p>Dal\u0161\u00edm trumfem je baterie, kter\u00e1 si d\u00edky pou\u017eit\u00ed nov\u00e9 generace bateriov\u00fdch \u010dl\u00e1nk\u016f v rozm\u011brov\u00e9m standardu Tesla zachovala  kompaktn\u00ed rozm\u011bry i malou hmotnost. Je integrov\u00e1na ve \u0161t\u00edhl\u00e9 linii r\u00e1mu a  je rovn\u011b\u017e snadno odn\u00edmateln\u00e1. Baterie je propojen\u00e1 s \u0159\u00edd\u00edc\u00edm centrem motoru a poskytuje nadstandardn\u00ed kapacitu 22,26Ah (800Wh), s dojezdem a\u017e na hranici 185km. S kolem si tak m\u016f\u017eete u\u017e\u00edt nejen mnohahodinov\u00fd v\u00fdlet, ale m\u00e1te naprostou jistotu i v kopcovit\u00e9m ter\u00e9nu nebo p\u0159i dynamick\u00e9 j\u00edzd\u011b, prov\u00e1zen\u00e9 v\u011bt\u0161\u00ed spot\u0159ebou energie.<\/p>\n<p>D\u00edky pln\u00e9 v\u00fdbav\u011b pevn\u00fdch blatn\u00edk\u016f a unik\u00e1tn\u00edho nosi\u010de se jedn\u00e1 o bezkonkuren\u010dn\u00ed elektrokolo, se kter\u00fdm se popasujete s jakoukoliv cestou. Automobilovou terminologi\u00ed jde o SUV (sportovn\u011b-u\u017eitkov\u00e9 vozidlo) s v\u00fdbornou technologickou \u00farovn\u00ed mezi elektrokoly v p\u0159\u00edzniv\u00e9 cenov\u00e9 relaci.<br \/>\nMotor \tStredov\u00fd Panasonic GX Power Plus 250 W \/ max. 500 W, 75 Nm<br \/>\nBat\u00e9ria \tLi-ion Samsung \/ LG \u2013 22,26 Ah (800 Wh)<br \/>\nDojazd \tA\u017e 185 km (v z\u00e1vislosti od \u00farovne asistencie)<br \/>\nOvl\u00e1danie \tFarebn\u00fd LCD displej Panasonic, 4 \u00farovne asistencie, automatick\u00fd re\u017eim, re\u017eim ch\u00f4dze<br \/>\nR\u00e1fiky \t27,5\u2033 dvojit\u00e1 stena<br \/>\nPneumatiky \t27,5 x 2,25\u2033 Maxxis Crossmark II<br \/>\nR\u00e1m \t19\u2033<br \/>\nVidlica \tSuntour XCM 32 \u2013 zdvih 100 mm<br \/>\nPrehadzova\u010dka \tShimano M2000 \u2013 9 r\u00fdchlost\u00ed<br \/>\nBrzdy \tHydraulick\u00e9 \u2013 Shimano MT201<br \/>\nOstatn\u00e9 vybavenie \tSvetl\u00e1, nosi\u010d, blatn\u00edky, stojan<br \/>\nDal\u0161\u00edm trumfem jsou p\u0159\u00edjemn\u00e9 j\u00edzdn\u00ed vlastnosti  r\u00e1mu, vylad\u011bn\u00e9ho pro snadnou ovladatelnost a optim\u00e1ln\u00ed posed p\u0159i v\u0161ech j\u00edzdn\u00edch re\u017eimech. Nov\u00fd r\u00e1m  tak p\u0159edstavuje vyv\u00e1\u017een\u00fd celek, kter\u00fd  precizn\u011b integruje kompaktn\u00ed baterii s  motorem,  ve \u0161t\u00edhl\u00e9 a \u010dist\u00e9 linii.  Origin\u00e1ln\u00ed nad\u010dasov\u00fd design podtrhuje dokonal\u00fd styl tohoto modern\u00edho elektrokola.<\/p>\n<p>Osv\u011bd\u010den\u00e1 v\u00fdbava,  kompaktn\u00ed a p\u0159itom siln\u00e1 baterie s velk\u00fdm dojezdem a \u0161pi\u010dkov\u00fd motor s velk\u00fdm v\u00fdkonem zaji\u0161tuje j\u00edzdn\u00ed kvality p\u0159i v\u00fdletech i toulk\u00e1ch ter\u00e9nem. N\u00edzk\u00fd n\u00e1stup bez horn\u00ed r\u00e1mov\u00e9 trubky zase bezkonkuren\u010dn\u00ed jistotu a komfort nastupov\u00e1n\u00ed za v\u0161ech okolnost\u00ed.<\/p>\n<p>Taura PX je zkr\u00e1tka p\u0159\u00edjemn\u00e9  SUV elektrokolo, kter\u00e9 v\u00e1m poskytne v\u0161echny trumfy za p\u0159\u00edznivou cenu!<\/p>\n","protected":false},"featured_media":2172,"comment_status":"closed","ping_status":"closed","template":"","meta":[],"product_brand":[],"product_cat":[19],"product_tag":[21],"class_list":{"0":"post-2327","1":"product","2":"type-product","3":"status-publish","4":"has-post-thumbnail","6":"product_cat-elektrobicykle","7":"product_tag-lectron","9":"first","10":"instock","11":"taxable","12":"shipping-taxable","13":"purchasable","14":"product-type-simple"},"jetpack_sharing_enabled":true,"jetpack-related-posts":[],"_links":{"self":[{"href":"https:\/\/cyklo-centrum.sk\/ccm\/index.php?rest_route=\/wp\/v2\/product\/2327","targetHints":{"allow":["GET"]}}],"collection":[{"href":"https:\/\/cyklo-centrum.sk\/ccm\/index.php?rest_route=\/wp\/v2\/product"}],"about":[{"href":"https:\/\/cyklo-centrum.sk\/ccm\/index.php?rest_route=\/wp\/v2\/types\/product"}],"replies":[{"embeddable":true,"href":"https:\/\/cyklo-centrum.sk\/ccm\/index.php?rest_route=%2Fwp%2Fv2%2Fcomments&post=2327"}],"wp:featuredmedia":[{"embeddable":true,"href":"https:\/\/cyklo-centrum.sk\/ccm\/index.php?rest_route=\/wp\/v2\/media\/2172"}],"wp:attachment":[{"href":"https:\/\/cyklo-centrum.sk\/ccm\/index.php?rest_route=%2Fwp%2Fv2%2Fmedia&parent=2327"}],"wp:term":[{"taxonomy":"product_brand","embeddable":true,"href":"https:\/\/cyklo-centrum.sk\/ccm\/index.php?rest_route=%2Fwp%2Fv2%2Fproduct_brand&post=2327"},{"taxonomy":"product_cat","embeddable":true,"href":"https:\/\/cyklo-centrum.sk\/ccm\/index.php?rest_route=%2Fwp%2Fv2%2Fproduct_cat&post=2327"},{"taxonomy":"product_tag","embeddable":true,"href":"https:\/\/cyklo-centrum.sk\/ccm\/index.php?rest_route=%2Fwp%2Fv2%2Fproduct_tag&post=2327"}],"curies":[{"name":"wp","href":"https:\/\/api.w.org\/{rel}","templated":true}]}}