{"id":2378,"date":"2026-04-09T13:36:17","date_gmt":"2026-04-09T12:36:17","guid":{"rendered":"https:\/\/cyklo-centrum.sk\/ccm\/?post_type=product&#038;p=2378"},"modified":"2026-04-09T13:42:05","modified_gmt":"2026-04-09T12:42:05","slug":"20-ctm-scooby-10-ram-11-matna-modra","status":"publish","type":"product","link":"https:\/\/cyklo-centrum.sk\/ccm\/?product=20-ctm-scooby-10-ram-11-matna-modra","title":{"rendered":"20&#8243; CTM SCOOBY 1,0   r\u00e1m 11&#8243; matn\u00e1 modra"},"content":{"rendered":"","protected":false},"excerpt":{"rendered":"<p>R\u00e1m:<br \/>\nSCOOBY, Hi-Ten, 11&#8243;<br \/>\nVidlica:<br \/>\nHi Ten unicrown 20&#8243;<br \/>\nRadenie:<br \/>\nShimano RV 300\/6 speed<br \/>\nPrehadzova\u010d:<br \/>\nShimano Tourney RD-TY200<br \/>\nViackole\u010dko:<br \/>\nShimano MF-TZ500 6 speed 14-28T<br \/>\nPrevodn\u00edk:<br \/>\nProwheel, 32T, 114mm<br \/>\nBrzdy:<br \/>\nAlloy V-brake<br \/>\nR\u00e1fiky:<br \/>\nCTM 406X20, 28H, black<br \/>\nPl\u00e1\u0161te:<br \/>\n20&#215;1,75&#8243;<br \/>\nN\u00e1boje:<br \/>\nMatrix alloy 28H<br \/>\nPed\u00e1le:<br \/>\nJunior HF-910<br \/>\nRe\u0165az:<br \/>\nKMC Z33<br \/>\nPredstavec:<br \/>\nCTM 60mm \u00f825.4mm<br \/>\nRiadidl\u00e1:<br \/>\nCTM steel 540mm 40mm rise<br \/>\nHlavov\u00e9 zlo\u017eenie:<br \/>\n1 1\/8&#8243; DIA:25.4\/34\/30mm<br \/>\nSedlo:<br \/>\nCTM kids 232x140mm<br \/>\nSedlovka:<br \/>\nSteel 200\/25,4 mm<br \/>\nR\u00fdchlost\u00ed:<br \/>\n6 speed<\/p>\n","protected":false},"featured_media":2379,"comment_status":"closed","ping_status":"closed","template":"","meta":[],"product_brand":[],"product_cat":[36,15],"product_tag":[7],"class_list":{"0":"post-2378","1":"product","2":"type-product","3":"status-publish","4":"has-post-thumbnail","6":"product_cat-36","7":"product_cat-detske-bicykle","8":"product_tag-ctm","10":"first","11":"instock","12":"sale","13":"taxable","14":"shipping-taxable","15":"purchasable","16":"product-type-simple"},"jetpack_sharing_enabled":true,"jetpack-related-posts":[],"_links":{"self":[{"href":"https:\/\/cyklo-centrum.sk\/ccm\/index.php?rest_route=\/wp\/v2\/product\/2378","targetHints":{"allow":["GET"]}}],"collection":[{"href":"https:\/\/cyklo-centrum.sk\/ccm\/index.php?rest_route=\/wp\/v2\/product"}],"about":[{"href":"https:\/\/cyklo-centrum.sk\/ccm\/index.php?rest_route=\/wp\/v2\/types\/product"}],"replies":[{"embeddable":true,"href":"https:\/\/cyklo-centrum.sk\/ccm\/index.php?rest_route=%2Fwp%2Fv2%2Fcomments&post=2378"}],"wp:featuredmedia":[{"embeddable":true,"href":"https:\/\/cyklo-centrum.sk\/ccm\/index.php?rest_route=\/wp\/v2\/media\/2379"}],"wp:attachment":[{"href":"https:\/\/cyklo-centrum.sk\/ccm\/index.php?rest_route=%2Fwp%2Fv2%2Fmedia&parent=2378"}],"wp:term":[{"taxonomy":"product_brand","embeddable":true,"href":"https:\/\/cyklo-centrum.sk\/ccm\/index.php?rest_route=%2Fwp%2Fv2%2Fproduct_brand&post=2378"},{"taxonomy":"product_cat","embeddable":true,"href":"https:\/\/cyklo-centrum.sk\/ccm\/index.php?rest_route=%2Fwp%2Fv2%2Fproduct_cat&post=2378"},{"taxonomy":"product_tag","embeddable":true,"href":"https:\/\/cyklo-centrum.sk\/ccm\/index.php?rest_route=%2Fwp%2Fv2%2Fproduct_tag&post=2378"}],"curies":[{"name":"wp","href":"https:\/\/api.w.org\/{rel}","templated":true}]}}